{"id":5251,"date":"2025-02-26T10:55:53","date_gmt":"2025-02-26T09:55:53","guid":{"rendered":"https:\/\/fsunk-kos.org\/?page_id=5251"},"modified":"2025-04-10T11:02:28","modified_gmt":"2025-04-10T09:02:28","slug":"kryesia","status":"publish","type":"page","link":"https:\/\/fsunk-kos.org\/index.php\/kryesia\/","title":{"rendered":"Kryesia"},"content":{"rendered":"<p>[vc_row full_width=&#8221;stretch_row&#8221; css=&#8221;.vc_custom_1559197529374{background-position: center !important;background-repeat: no-repeat !important;background-size: cover !important;}&#8221;][vc_column][vc_column_text][\/vc_column_text][vc_text_separator title=&#8221;Kryesia e FSUNK-s\u00eb&#8221; border_width=&#8221;2&#8243;]<div class=\"rs-staff \">\r\n\t\t\t\t\t<ul class=\"staff-section\"><li class=\"rs-staff-area\">\r\n\t\t\t\t\t\t<div class=\"staff-item\">\t\r\n    \t\t\t\t\t\t<div class=\"service-img\">\r\n    \t\t\t\t\t\t\t<img src=\"https:\/\/fsunk-kos.org\/wp-content\/uploads\/2019\/11\/musa-selimi.jpg\" alt=\"\">\r\n    \t\t\t\t\t\t<\/div>\r\n    \t\t\t\t\t\t<div class=\"staff-desc\">\r\n                                <div class=\"inner-desc\">\r\n                                    <h3 class=\"staff-title\">Musa Selimi<\/h3>\r\n                                    <h4 class=\"staff-sub\">Kryetar<\/h4>\r\n                                    <span class=\"sub1\"><i>Pozita<\/i>: Kryetar n\u00eb FSUNK<\/span>\t\t\t\t\t\t\t\r\n                                    <span class=\"sub2\"><i>Institucioni<\/i>: Universiteti i Prishtin\u00ebs<\/span>                         \r\n                                    <span class=\"sub3\"><i>Email<\/i>: musa.selimi.fsunk@gmail.com<\/span>                         \r\n        \t\t\t\t\t\t\t<p><\/p>\r\n    \t\t\t\t\t\t    <\/div>\r\n                            <\/div>\r\n\t\t\t            <\/div>\r\n\t\t\t\t    <\/li><li class=\"rs-staff-area\">\r\n\t\t\t\t\t\t<div class=\"staff-item\">\t\r\n    \t\t\t\t\t\t<div class=\"service-img\">\r\n    \t\t\t\t\t\t\t<img src=\"https:\/\/fsunk-kos.org\/wp-content\/uploads\/2019\/11\/Male.jpg\" alt=\"\">\r\n    \t\t\t\t\t\t<\/div>\r\n    \t\t\t\t\t\t<div class=\"staff-desc\">\r\n                                <div class=\"inner-desc\">\r\n                                    <h3 class=\"staff-title\">Nehat Gashi<\/h3>\r\n                                    <h4 class=\"staff-sub\">N\u00ebnkryetar<\/h4>\r\n                                    <span class=\"sub1\"><i>Pozita<\/i>: N\u00ebnkryetar n\u00eb FSUNK<\/span>\t\t\t\t\t\t\t\r\n                                    <span class=\"sub2\"><i>Institucioni<\/i>: Universiteti i Prizrenit<\/span>                         \r\n                                    <span class=\"sub3\"><i>Email<\/i>: nehat.gashi.fsunk@gmail.com <\/span>                         \r\n        \t\t\t\t\t\t\t<p><\/p>\r\n    \t\t\t\t\t\t    <\/div>\r\n                            <\/div>\r\n\t\t\t            <\/div>\r\n\t\t\t\t    <\/li><li class=\"rs-staff-area\">\r\n\t\t\t\t\t\t<div class=\"staff-item\">\t\r\n    \t\t\t\t\t\t<div class=\"service-img\">\r\n    \t\t\t\t\t\t\t<img src=\"https:\/\/fsunk-kos.org\/wp-content\/uploads\/2024\/03\/FH.png\" alt=\"\">\r\n    \t\t\t\t\t\t<\/div>\r\n    \t\t\t\t\t\t<div class=\"staff-desc\">\r\n                                <div class=\"inner-desc\">\r\n                                    <h3 class=\"staff-title\">Fidan Hamiti<\/h3>\r\n                                    <h4 class=\"staff-sub\">Sekretar i p\u00ebrgjithsh\u00ebm<\/h4>\r\n                                    <span class=\"sub1\"><i>Pozita<\/i>: Sekretar i p\u00ebrgjithsh\u00ebm n\u00eb FSUNK<\/span>\t\t\t\t\t\t\t\r\n                                    <span class=\"sub2\"><i>Institucioni<\/i>: Universiteti i Prishtin\u00ebs<\/span>                         \r\n                                    <span class=\"sub3\"><i>Email<\/i>: fidan.hamiti.fsunk@gmail.com <\/span>                         \r\n        \t\t\t\t\t\t\t<p><\/p>\r\n    \t\t\t\t\t\t    <\/div>\r\n                            <\/div>\r\n\t\t\t            <\/div>\r\n\t\t\t\t    <\/li><\/ul>\r\n\t\t<\/div><div class=\"rs-staff \">\r\n\t\t\t\t\t<ul class=\"staff-section\"><\/ul>\r\n\t\t<\/div>[\/vc_column][\/vc_row]<\/p>\n","protected":false},"excerpt":{"rendered":"<p>[vc_row full_width=&#8221;stretch_row&#8221; css=&#8221;.vc_custom_1559197529374{background-position: center !important;background-repeat: no-repeat !important;background-size: cover !important;}&#8221;][vc_column][vc_column_text][\/vc_column_text][vc_text_separator title=&#8221;Kryesia e FSUNK-s\u00eb&#8221; border_width=&#8221;2&#8243;][\/vc_column]&#8230;<\/p>\n","protected":false},"author":1,"featured_media":0,"parent":0,"menu_order":0,"comment_status":"closed","ping_status":"closed","template":"","meta":{"ngg_post_thumbnail":0},"_links":{"self":[{"href":"https:\/\/fsunk-kos.org\/index.php\/wp-json\/wp\/v2\/pages\/5251"}],"collection":[{"href":"https:\/\/fsunk-kos.org\/index.php\/wp-json\/wp\/v2\/pages"}],"about":[{"href":"https:\/\/fsunk-kos.org\/index.php\/wp-json\/wp\/v2\/types\/page"}],"author":[{"embeddable":true,"href":"https:\/\/fsunk-kos.org\/index.php\/wp-json\/wp\/v2\/users\/1"}],"replies":[{"embeddable":true,"href":"https:\/\/fsunk-kos.org\/index.php\/wp-json\/wp\/v2\/comments?post=5251"}],"version-history":[{"count":4,"href":"https:\/\/fsunk-kos.org\/index.php\/wp-json\/wp\/v2\/pages\/5251\/revisions"}],"predecessor-version":[{"id":5453,"href":"https:\/\/fsunk-kos.org\/index.php\/wp-json\/wp\/v2\/pages\/5251\/revisions\/5453"}],"wp:attachment":[{"href":"https:\/\/fsunk-kos.org\/index.php\/wp-json\/wp\/v2\/media?parent=5251"}],"curies":[{"name":"wp","href":"https:\/\/api.w.org\/{rel}","templated":true}]}}