{"id":3042,"date":"2021-05-27T17:13:30","date_gmt":"2021-05-27T16:13:30","guid":{"rendered":"https:\/\/fsunk-kos.org\/?page_id=3042"},"modified":"2021-05-27T17:37:30","modified_gmt":"2021-05-27T16:37:30","slug":"komisionet","status":"publish","type":"page","link":"https:\/\/fsunk-kos.org\/index.php\/komisionet\/","title":{"rendered":"Komisionet"},"content":{"rendered":"<p>[vc_row][vc_column][vc_text_separator title=&#8221;KOMISIONET E FSUNK-s\u00eb P\u00cbR VITIN 2021-2024 &#8221; color=&#8221;orange&#8221; border_width=&#8221;3&#8243;][vc_text_separator title=&#8221; 1.  K\u00ebshilli Profesional:&#8221; title_align=&#8221;separator_align_left&#8221; color=&#8221;orange&#8221; border_width=&#8221;3&#8243;][\/vc_column][\/vc_row][vc_row][vc_column][vc_column_text]<strong>1.&nbsp;<\/strong> Hasim Rushiti<\/p>\n<p><strong>2.<\/strong>&nbsp; Besnik Morina<\/p>\n<p><strong>3.&nbsp;<\/strong> Artan Kryeziu[\/vc_column_text][vc_text_separator title=&#8221;2. Komisioni Disiplinor:&#8221; title_align=&#8221;separator_align_left&#8221; color=&#8221;orange&#8221; border_width=&#8221;3&#8243;][vc_column_text]<strong>1.<\/strong> Driton Ramadani<\/p>\n<p><strong>2.<\/strong> Driton Balaj<\/p>\n<p><strong>3.<\/strong> Venera Aliu[\/vc_column_text][vc_text_separator title=&#8221;3.  Komisioni i Garave:&#8221; title_align=&#8221;separator_align_left&#8221; color=&#8221;orange&#8221; border_width=&#8221;3&#8243;][vc_column_text]<strong>1.&nbsp;<\/strong> Skender Sadiku<\/p>\n<p><strong>2.<\/strong>&nbsp; Lulzim Ibri<\/p>\n<p><strong>3.<\/strong> &nbsp;Valon Nik\u00e7i[\/vc_column_text][vc_text_separator title=&#8221;4.  Komisioni Arbitrar:&#8221; title_align=&#8221;separator_align_left&#8221; color=&#8221;orange&#8221; border_width=&#8221;3&#8243;][vc_column_text]<strong>1.<\/strong> Osman Sertolli<\/p>\n<p><strong>2.&nbsp;<\/strong> Enis Metolli<\/p>\n<p><strong>3.&nbsp;<\/strong> Ardian Sallahu[\/vc_column_text][vc_text_separator title=&#8221;5. Komisioni Mjek\u00ebsor:&#8221; title_align=&#8221;separator_align_left&#8221; color=&#8221;orange&#8221; border_width=&#8221;3&#8243;][vc_column_text]<strong>1.<\/strong> Egzon Daku<\/p>\n<p><strong>2.<\/strong> Edita Pllana<\/p>\n<p><strong>3.<\/strong> Enver Hasi[\/vc_column_text][vc_text_separator title=&#8221;6.Komisioni p\u00ebr Akte Normative:&#8221; title_align=&#8221;separator_align_left&#8221; color=&#8221;orange&#8221; border_width=&#8221;3&#8243;][vc_column_text]<strong>1.<\/strong> Flamur Hyseni<\/p>\n<p><strong>2.<\/strong> Gani&nbsp; Ibrahimi<\/p>\n<p><strong>3.<\/strong> Avdyl Beqiri[\/vc_column_text][vc_text_separator title=&#8221;7. Komisioni p\u00ebr Marketing:&#8221; title_align=&#8221;separator_align_left&#8221; color=&#8221;orange&#8221; border_width=&#8221;3&#8243;][vc_column_text]<strong>1.<\/strong> Blerta Dibrani<\/p>\n<p><strong>2.<\/strong> Adelina Emini<\/p>\n<p><strong>3.<\/strong> Sara Fusha[\/vc_column_text][\/vc_column][\/vc_row][vc_row][vc_column][vc_text_separator title=&#8221;Federata e Sporteve Universitare e Kosov\u00ebs (FSUNK)&#8221; color=&#8221;sky&#8221; border_width=&#8221;4&#8243;][\/vc_column][\/vc_row]<\/p>\n","protected":false},"excerpt":{"rendered":"<p>[vc_row][vc_column][vc_text_separator title=&#8221;KOMISIONET E FSUNK-s\u00eb P\u00cbR VITIN 2021-2024 &#8221; color=&#8221;orange&#8221; border_width=&#8221;3&#8243;][vc_text_separator title=&#8221; 1. K\u00ebshilli Profesional:&#8221; title_align=&#8221;separator_align_left&#8221; color=&#8221;orange&#8221; border_width=&#8221;3&#8243;][\/vc_column][\/vc_row][vc_row][vc_column][vc_column_text]1.&nbsp; Hasim Rushiti 2.&nbsp; Besnik Morina 3.&nbsp; Artan Kryeziu[\/vc_column_text][vc_text_separator title=&#8221;2. Komisioni Disiplinor:&#8221; title_align=&#8221;separator_align_left&#8221; color=&#8221;orange&#8221; border_width=&#8221;3&#8243;][vc_column_text]1. Driton Ramadani 2. Driton Balaj 3. Venera Aliu[\/vc_column_text][vc_text_separator title=&#8221;3. Komisioni i Garave:&#8221; title_align=&#8221;separator_align_left&#8221; color=&#8221;orange&#8221; border_width=&#8221;3&#8243;][vc_column_text]1.&nbsp; Skender Sadiku 2.&nbsp; Lulzim Ibri 3. &nbsp;Valon Nik\u00e7i[\/vc_column_text][vc_text_separator title=&#8221;4&#8230;.<\/p>\n","protected":false},"author":1,"featured_media":0,"parent":0,"menu_order":0,"comment_status":"closed","ping_status":"closed","template":"","meta":{"ngg_post_thumbnail":0},"_links":{"self":[{"href":"https:\/\/fsunk-kos.org\/index.php\/wp-json\/wp\/v2\/pages\/3042"}],"collection":[{"href":"https:\/\/fsunk-kos.org\/index.php\/wp-json\/wp\/v2\/pages"}],"about":[{"href":"https:\/\/fsunk-kos.org\/index.php\/wp-json\/wp\/v2\/types\/page"}],"author":[{"embeddable":true,"href":"https:\/\/fsunk-kos.org\/index.php\/wp-json\/wp\/v2\/users\/1"}],"replies":[{"embeddable":true,"href":"https:\/\/fsunk-kos.org\/index.php\/wp-json\/wp\/v2\/comments?post=3042"}],"version-history":[{"count":3,"href":"https:\/\/fsunk-kos.org\/index.php\/wp-json\/wp\/v2\/pages\/3042\/revisions"}],"predecessor-version":[{"id":3046,"href":"https:\/\/fsunk-kos.org\/index.php\/wp-json\/wp\/v2\/pages\/3042\/revisions\/3046"}],"wp:attachment":[{"href":"https:\/\/fsunk-kos.org\/index.php\/wp-json\/wp\/v2\/media?parent=3042"}],"curies":[{"name":"wp","href":"https:\/\/api.w.org\/{rel}","templated":true}]}}