{"id":1820,"date":"2019-06-22T06:40:45","date_gmt":"2019-06-22T06:40:45","guid":{"rendered":"https:\/\/rstheme.com\/products\/wordpress\/khelo\/?page_id=1820"},"modified":"2026-04-27T09:24:42","modified_gmt":"2026-04-27T07:24:42","slug":"board-management","status":"publish","type":"page","link":"https:\/\/fsunk-kos.org\/index.php\/board-management\/","title":{"rendered":"Bordi i fsunk-s\u00eb"},"content":{"rendered":"<p>[vc_row full_width=&#8221;stretch_row&#8221; css=&#8221;.vc_custom_1559197529374{background-position: center !important;background-repeat: no-repeat !important;background-size: cover !important;}&#8221;][vc_column][vc_column_text][\/vc_column_text][vc_text_separator title=&#8221;Bordi Ekzekutiv i FSUNK-s\u00eb&#8221; border_width=&#8221;2&#8243;]<div class=\"rs-staff \">\r\n\t\t\t\t\t<ul class=\"staff-section\"><li class=\"rs-staff-area\">\r\n\t\t\t\t\t\t<div class=\"staff-item\">\t\r\n    \t\t\t\t\t\t<div class=\"service-img\">\r\n    \t\t\t\t\t\t\t<img src=\"https:\/\/fsunk-kos.org\/wp-content\/uploads\/2019\/11\/musa-selimi.jpg\" alt=\"\">\r\n    \t\t\t\t\t\t<\/div>\r\n    \t\t\t\t\t\t<div class=\"staff-desc\">\r\n                                <div class=\"inner-desc\">\r\n                                    <h3 class=\"staff-title\">Musa Selimi<\/h3>\r\n                                    <h4 class=\"staff-sub\">Kryetar<\/h4>\r\n                                    <span class=\"sub1\"><i>Pozita<\/i>: Kryetar n\u00eb FSUNK<\/span>\t\t\t\t\t\t\t\r\n                                    <span class=\"sub2\"><i>Institucioni<\/i>: Universiteti i Prishtin\u00ebs<\/span>                         \r\n                                    <span class=\"sub3\"><i>Email<\/i>: musa.selimi.fsunk@gmail.com<\/span>                         \r\n        \t\t\t\t\t\t\t<p><\/p>\r\n    \t\t\t\t\t\t    <\/div>\r\n                            <\/div>\r\n\t\t\t            <\/div>\r\n\t\t\t\t    <\/li><li class=\"rs-staff-area\">\r\n\t\t\t\t\t\t<div class=\"staff-item\">\t\r\n    \t\t\t\t\t\t<div class=\"service-img\">\r\n    \t\t\t\t\t\t\t<img src=\"https:\/\/fsunk-kos.org\/wp-content\/uploads\/2026\/04\/Gashi.jpeg\" alt=\"\">\r\n    \t\t\t\t\t\t<\/div>\r\n    \t\t\t\t\t\t<div class=\"staff-desc\">\r\n                                <div class=\"inner-desc\">\r\n                                    <h3 class=\"staff-title\">Nehat Gashi<\/h3>\r\n                                    <h4 class=\"staff-sub\">N\u00ebnkryetar<\/h4>\r\n                                    <span class=\"sub1\"><i>Pozita<\/i>: N\u00ebnkryetar n\u00eb FSUNK<\/span>\t\t\t\t\t\t\t\r\n                                    <span class=\"sub2\"><i>Institucioni<\/i>: Universiteti i Prizrenit<\/span>                         \r\n                                    <span class=\"sub3\"><i>Email<\/i>: nehat.gashi.fsunk@gmail.com <\/span>                         \r\n        \t\t\t\t\t\t\t<p><\/p>\r\n    \t\t\t\t\t\t    <\/div>\r\n                            <\/div>\r\n\t\t\t            <\/div>\r\n\t\t\t\t    <\/li><li class=\"rs-staff-area\">\r\n\t\t\t\t\t\t<div class=\"staff-item\">\t\r\n    \t\t\t\t\t\t<div class=\"service-img\">\r\n    \t\t\t\t\t\t\t<img src=\"https:\/\/fsunk-kos.org\/wp-content\/uploads\/2024\/03\/FH.png\" alt=\"\">\r\n    \t\t\t\t\t\t<\/div>\r\n    \t\t\t\t\t\t<div class=\"staff-desc\">\r\n                                <div class=\"inner-desc\">\r\n                                    <h3 class=\"staff-title\">Fidan Hamiti<\/h3>\r\n                                    <h4 class=\"staff-sub\">Sekretar i p\u00ebrgjithsh\u00ebm<\/h4>\r\n                                    <span class=\"sub1\"><i>Pozita<\/i>: Sekretar i p\u00ebrgjithsh\u00ebm n\u00eb FSUNK<\/span>\t\t\t\t\t\t\t\r\n                                    <span class=\"sub2\"><i>Institucioni<\/i>: Universiteti i Prishtin\u00ebs<\/span>                         \r\n                                    <span class=\"sub3\"><i>Email<\/i>: fidan.hamiti.fsunk@gmail.com <\/span>                         \r\n        \t\t\t\t\t\t\t<p><\/p>\r\n    \t\t\t\t\t\t    <\/div>\r\n                            <\/div>\r\n\t\t\t            <\/div>\r\n\t\t\t\t    <\/li><li class=\"rs-staff-area\">\r\n\t\t\t\t\t\t<div class=\"staff-item\">\t\r\n    \t\t\t\t\t\t<div class=\"service-img\">\r\n    \t\t\t\t\t\t\t<img src=\"https:\/\/fsunk-kos.org\/wp-content\/uploads\/2019\/11\/Male.jpg\" alt=\"\">\r\n    \t\t\t\t\t\t<\/div>\r\n    \t\t\t\t\t\t<div class=\"staff-desc\">\r\n                                <div class=\"inner-desc\">\r\n                                    <h3 class=\"staff-title\">Artan Tahiri<\/h3>\r\n                                    <h4 class=\"staff-sub\">An\u00ebtar i Bordit<\/h4>\r\n                                    <span class=\"sub1\"><i>Pozita<\/i>: An\u00ebtar i bordit n\u00eb FSUNK<\/span>\t\t\t\t\t\t\t\r\n                                    <span class=\"sub2\"><i>Institucioni<\/i>: Kolegji UBT<\/span>                         \r\n                                    <span class=\"sub3\"><i>Email<\/i>: artan.tahiri.fsunk@gmail.com<\/span>                         \r\n        \t\t\t\t\t\t\t<p><\/p>\r\n    \t\t\t\t\t\t    <\/div>\r\n                            <\/div>\r\n\t\t\t            <\/div>\r\n\t\t\t\t    <\/li><li class=\"rs-staff-area\">\r\n\t\t\t\t\t\t<div class=\"staff-item\">\t\r\n    \t\t\t\t\t\t<div class=\"service-img\">\r\n    \t\t\t\t\t\t\t<img src=\"https:\/\/fsunk-kos.org\/wp-content\/uploads\/2019\/11\/Female.jpg\" alt=\"\">\r\n    \t\t\t\t\t\t<\/div>\r\n    \t\t\t\t\t\t<div class=\"staff-desc\">\r\n                                <div class=\"inner-desc\">\r\n                                    <h3 class=\"staff-title\">Minire Haziri Rexhepi<\/h3>\r\n                                    <h4 class=\"staff-sub\">An\u00ebtare e Bordit <\/h4>\r\n                                    <span class=\"sub1\"><i>Pozita<\/i>: An\u00ebtare e bordit n\u00eb FSUNK<\/span>\t\t\t\t\t\t\t\r\n                                    <span class=\"sub2\"><i>Institucioni<\/i>: Universiteti i \"Kadri Zeka\"<\/span>                         \r\n                                    <span class=\"sub3\"><i>Email<\/i>: minire.rexhepi.fsunk@gmail.com<\/span>                         \r\n        \t\t\t\t\t\t\t<p><\/p>\r\n    \t\t\t\t\t\t    <\/div>\r\n                            <\/div>\r\n\t\t\t            <\/div>\r\n\t\t\t\t    <\/li><li class=\"rs-staff-area\">\r\n\t\t\t\t\t\t<div class=\"staff-item\">\t\r\n    \t\t\t\t\t\t<div class=\"service-img\">\r\n    \t\t\t\t\t\t\t<img src=\"https:\/\/fsunk-kos.org\/wp-content\/uploads\/2020\/02\/Blerta-Dibrani-780x1024.jpg\" alt=\"\">\r\n    \t\t\t\t\t\t<\/div>\r\n    \t\t\t\t\t\t<div class=\"staff-desc\">\r\n                                <div class=\"inner-desc\">\r\n                                    <h3 class=\"staff-title\">Blerta Dibrani<\/h3>\r\n                                    <h4 class=\"staff-sub\">An\u00ebtare e bordit<\/h4>\r\n                                    <span class=\"sub1\"><i>Pozita<\/i>: An\u00ebtare e bordit n\u00eb FSUNK<\/span>\t\t\t\t\t\t\t\r\n                                    <span class=\"sub2\"><i>Institucioni<\/i>: Universiteti i Prishtin\u00ebs<\/span>                         \r\n                                    <span class=\"sub3\"><i>Email<\/i>:  blerta.dibrani.fsunk@gmail.com<\/span>                         \r\n        \t\t\t\t\t\t\t<p><\/p>\r\n    \t\t\t\t\t\t    <\/div>\r\n                            <\/div>\r\n\t\t\t            <\/div>\r\n\t\t\t\t    <\/li><li class=\"rs-staff-area\">\r\n\t\t\t\t\t\t<div class=\"staff-item\">\t\r\n    \t\t\t\t\t\t<div class=\"service-img\">\r\n    \t\t\t\t\t\t\t<img src=\"https:\/\/fsunk-kos.org\/wp-content\/uploads\/2025\/04\/viber_image_2024-10-23_11-57-10-660-810x1024.jpg\" alt=\"\">\r\n    \t\t\t\t\t\t<\/div>\r\n    \t\t\t\t\t\t<div class=\"staff-desc\">\r\n                                <div class=\"inner-desc\">\r\n                                    <h3 class=\"staff-title\">Bardha Kurti<\/h3>\r\n                                    <h4 class=\"staff-sub\">An\u00ebtare e bordit<\/h4>\r\n                                    <span class=\"sub1\"><i>Pozita<\/i>: An\u00ebtare e bordit n\u00eb FSUNK<\/span>\t\t\t\t\t\t\t\r\n                                    <span class=\"sub2\"><i>Institucioni<\/i>: Kolegji Universi<\/span>                         \r\n                                    <span class=\"sub3\"><i>Email<\/i>: bardha.kurti.fsunk@gmail.com<\/span>                         \r\n        \t\t\t\t\t\t\t<p><\/p>\r\n    \t\t\t\t\t\t    <\/div>\r\n                            <\/div>\r\n\t\t\t            <\/div>\r\n\t\t\t\t    <\/li><li class=\"rs-staff-area\">\r\n\t\t\t\t\t\t<div class=\"staff-item\">\t\r\n    \t\t\t\t\t\t<div class=\"service-img\">\r\n    \t\t\t\t\t\t\t<img src=\"https:\/\/fsunk-kos.org\/wp-content\/uploads\/2019\/11\/Male.jpg\" alt=\"\">\r\n    \t\t\t\t\t\t<\/div>\r\n    \t\t\t\t\t\t<div class=\"staff-desc\">\r\n                                <div class=\"inner-desc\">\r\n                                    <h3 class=\"staff-title\">Alban Fazliu<\/h3>\r\n                                    <h4 class=\"staff-sub\">An\u00ebtar i bordit<\/h4>\r\n                                    <span class=\"sub1\"><i>Pozita<\/i>: An\u00ebtar i bordit n\u00eb FSUNK<\/span>\t\t\t\t\t\t\t\r\n                                    <span class=\"sub2\"><i>Institucioni<\/i>: Universiteti \"\" <\/span>                         \r\n                                    <span class=\"sub3\"><i>Email<\/i>: alban.fazliu.fsunk@gmail.com <\/span>                         \r\n        \t\t\t\t\t\t\t<p><\/p>\r\n    \t\t\t\t\t\t    <\/div>\r\n                            <\/div>\r\n\t\t\t            <\/div>\r\n\t\t\t\t    <\/li><li class=\"rs-staff-area\">\r\n\t\t\t\t\t\t<div class=\"staff-item\">\t\r\n    \t\t\t\t\t\t<div class=\"service-img\">\r\n    \t\t\t\t\t\t\t<img src=\"https:\/\/fsunk-kos.org\/wp-content\/uploads\/2026\/03\/IO-removebg-preview.png\" alt=\"\">\r\n    \t\t\t\t\t\t<\/div>\r\n    \t\t\t\t\t\t<div class=\"staff-desc\">\r\n                                <div class=\"inner-desc\">\r\n                                    <h3 class=\"staff-title\">Isa Osmani<\/h3>\r\n                                    <h4 class=\"staff-sub\">An\u00ebtar i bordit<\/h4>\r\n                                    <span class=\"sub1\"><i>Pozita<\/i>: Drejtor p\u00ebr Marr\u00ebdh\u00ebnie Nd\u00ebrkombetare n\u00eb FSUNK<\/span>\t\t\t\t\t\t\t\r\n                                    <span class=\"sub2\"><i>Institucioni<\/i>: Universiteti i Prishtin\u00ebs<\/span>                         \r\n                                    <span class=\"sub3\"><i>Email<\/i>: isa.osmani.fsunk@gmail.com <\/span>                         \r\n        \t\t\t\t\t\t\t<p><\/p>\r\n    \t\t\t\t\t\t    <\/div>\r\n                            <\/div>\r\n\t\t\t            <\/div>\r\n\t\t\t\t    <\/li><\/ul>\r\n\t\t<\/div>[vc_text_separator title=&#8221;K\u00ebshilli Mbik\u00ebqyr\u00ebs i FSUNK-s\u00eb&#8221; border_width=&#8221;2&#8243;]<div class=\"rs-staff \">\r\n\t\t\t\t\t<ul class=\"staff-section\"><li class=\"rs-staff-area\">\r\n\t\t\t\t\t\t<div class=\"staff-item\">\t\r\n    \t\t\t\t\t\t<div class=\"service-img\">\r\n    \t\t\t\t\t\t\t<img src=\"https:\/\/fsunk-kos.org\/wp-content\/uploads\/2019\/11\/Male.jpg\" alt=\"\">\r\n    \t\t\t\t\t\t<\/div>\r\n    \t\t\t\t\t\t<div class=\"staff-desc\">\r\n                                <div class=\"inner-desc\">\r\n                                    <h3 class=\"staff-title\">Bahri Gjinovci<\/h3>\r\n                                    <h4 class=\"staff-sub\">An\u00ebtar i K\u00ebshillit<\/h4>\r\n                                    <span class=\"sub1\"><i>Pozita<\/i>: An\u00ebtar i K\u00ebshillit Mbik\u00ebqyr\u00ebs n\u00eb FSUNK<\/span>\t\t\t\t\t\t\t\r\n                                    <span class=\"sub2\"><i>Email<\/i>: <\/span>                         \r\n                                    <span class=\"sub3\"><i><\/i><\/span>                         \r\n        \t\t\t\t\t\t\t<p><\/p>\r\n    \t\t\t\t\t\t    <\/div>\r\n                            <\/div>\r\n\t\t\t            <\/div>\r\n\t\t\t\t    <\/li><li class=\"rs-staff-area\">\r\n\t\t\t\t\t\t<div class=\"staff-item\">\t\r\n    \t\t\t\t\t\t<div class=\"service-img\">\r\n    \t\t\t\t\t\t\t<img src=\"https:\/\/fsunk-kos.org\/wp-content\/uploads\/2019\/11\/Male.jpg\" alt=\"\">\r\n    \t\t\t\t\t\t<\/div>\r\n    \t\t\t\t\t\t<div class=\"staff-desc\">\r\n                                <div class=\"inner-desc\">\r\n                                    <h3 class=\"staff-title\">Sara Fusha<\/h3>\r\n                                    <h4 class=\"staff-sub\">An\u00ebtare e K\u00ebshillit<\/h4>\r\n                                    <span class=\"sub1\"><i>Pozita<\/i>: An\u00ebtare e K\u00ebshillit Mbik\u00ebqyr\u00ebs n\u00eb FSUNK<\/span>\t\t\t\t\t\t\t\r\n                                    <span class=\"sub2\"><i>Email<\/i>: <\/span>                         \r\n                                    <span class=\"sub3\"><i><\/i><\/span>                         \r\n        \t\t\t\t\t\t\t<p><\/p>\r\n    \t\t\t\t\t\t    <\/div>\r\n                            <\/div>\r\n\t\t\t            <\/div>\r\n\t\t\t\t    <\/li><li class=\"rs-staff-area\">\r\n\t\t\t\t\t\t<div class=\"staff-item\">\t\r\n    \t\t\t\t\t\t<div class=\"service-img\">\r\n    \t\t\t\t\t\t\t<img src=\"https:\/\/fsunk-kos.org\/wp-content\/uploads\/2019\/11\/Male.jpg\" alt=\"\">\r\n    \t\t\t\t\t\t<\/div>\r\n    \t\t\t\t\t\t<div class=\"staff-desc\">\r\n                                <div class=\"inner-desc\">\r\n                                    <h3 class=\"staff-title\">Ibish Mazreku<\/h3>\r\n                                    <h4 class=\"staff-sub\">An\u00ebtar i K\u00ebshillit<\/h4>\r\n                                    <span class=\"sub1\"><i>Pozita<\/i>: An\u00ebtar i K\u00ebshillit Mbik\u00ebqyr\u00ebs n\u00eb FSUNK<\/span>\t\t\t\t\t\t\t\r\n                                    <span class=\"sub2\"><i>Email<\/i>: <\/span>                         \r\n                                    <span class=\"sub3\"><i><\/i><\/span>                         \r\n        \t\t\t\t\t\t\t<p><\/p>\r\n    \t\t\t\t\t\t    <\/div>\r\n                            <\/div>\r\n\t\t\t            <\/div>\r\n\t\t\t\t    <\/li><li class=\"rs-staff-area\">\r\n\t\t\t\t\t\t<div class=\"staff-item\">\t\r\n    \t\t\t\t\t\t<div class=\"service-img\">\r\n    \t\t\t\t\t\t\t<img src=\"https:\/\/fsunk-kos.org\/wp-content\/uploads\/2019\/11\/Male.jpg\" alt=\"\">\r\n    \t\t\t\t\t\t<\/div>\r\n    \t\t\t\t\t\t<div class=\"staff-desc\">\r\n                                <div class=\"inner-desc\">\r\n                                    <h3 class=\"staff-title\">Artan Kryeziu<\/h3>\r\n                                    <h4 class=\"staff-sub\">An\u00ebtar i K\u00ebshillit<\/h4>\r\n                                    <span class=\"sub1\"><i>Pozita<\/i>: An\u00ebtar i K\u00ebshillit Mbik\u00ebqyr\u00ebs n\u00eb FSUNK<\/span>\t\t\t\t\t\t\t\r\n                                    <span class=\"sub2\"><i>Email<\/i>: <\/span>                         \r\n                                    <span class=\"sub3\"><i><\/i><\/span>                         \r\n        \t\t\t\t\t\t\t<p><\/p>\r\n    \t\t\t\t\t\t    <\/div>\r\n                            <\/div>\r\n\t\t\t            <\/div>\r\n\t\t\t\t    <\/li><\/ul>\r\n\t\t<\/div>[\/vc_column][\/vc_row]<\/p>\n","protected":false},"excerpt":{"rendered":"<p>[vc_row full_width=&#8221;stretch_row&#8221; css=&#8221;.vc_custom_1559197529374{background-position: center !important;background-repeat: no-repeat !important;background-size: cover !important;}&#8221;][vc_column][vc_column_text][\/vc_column_text][vc_text_separator title=&#8221;Bordi Ekzekutiv i FSUNK-s\u00eb&#8221; border_width=&#8221;2&#8243;][vc_text_separator title=&#8221;K\u00ebshilli Mbik\u00ebqyr\u00ebs i FSUNK-s\u00eb&#8221; border_width=&#8221;2&#8243;][\/vc_column]&#8230;<\/p>\n","protected":false},"author":1,"featured_media":0,"parent":0,"menu_order":0,"comment_status":"closed","ping_status":"closed","template":"","meta":{"ngg_post_thumbnail":0},"_links":{"self":[{"href":"https:\/\/fsunk-kos.org\/index.php\/wp-json\/wp\/v2\/pages\/1820"}],"collection":[{"href":"https:\/\/fsunk-kos.org\/index.php\/wp-json\/wp\/v2\/pages"}],"about":[{"href":"https:\/\/fsunk-kos.org\/index.php\/wp-json\/wp\/v2\/types\/page"}],"author":[{"embeddable":true,"href":"https:\/\/fsunk-kos.org\/index.php\/wp-json\/wp\/v2\/users\/1"}],"replies":[{"embeddable":true,"href":"https:\/\/fsunk-kos.org\/index.php\/wp-json\/wp\/v2\/comments?post=1820"}],"version-history":[{"count":73,"href":"https:\/\/fsunk-kos.org\/index.php\/wp-json\/wp\/v2\/pages\/1820\/revisions"}],"predecessor-version":[{"id":6104,"href":"https:\/\/fsunk-kos.org\/index.php\/wp-json\/wp\/v2\/pages\/1820\/revisions\/6104"}],"wp:attachment":[{"href":"https:\/\/fsunk-kos.org\/index.php\/wp-json\/wp\/v2\/media?parent=1820"}],"curies":[{"name":"wp","href":"https:\/\/api.w.org\/{rel}","templated":true}]}}