{"id":1545,"date":"2019-05-29T05:19:38","date_gmt":"2019-05-29T03:19:38","guid":{"rendered":"http:\/\/192.168.0.110\/sports\/?page_id=1545"},"modified":"2025-04-17T14:58:07","modified_gmt":"2025-04-17T12:58:07","slug":"gallery","status":"publish","type":"page","link":"https:\/\/fsunk-kos.org\/index.php\/gallery\/","title":{"rendered":"Galeria"},"content":{"rendered":"<p>[vc_row css=&#8221;.vc_custom_1559107114982{padding-bottom: 65px !important;}&#8221;][vc_column]\r\n        <div class=\"rs-heading    text-center\">\r\n        \t<div class=\"title-inner \">\r\n        \t\t       \t\t\r\n\t            \r\n\t            <h2 class=\"title title-upper\">Fotogaleria<\/h2> <span class=\"lines-bg\"><\/span>\r\n\t            <div class=\"title-img bottom-img\"><\/div>\r\n\t        <\/div><\/div>[vc_media_grid style=&#8221;load-more&#8221; items_per_page=&#8221;12&#8243; element_width=&#8221;2&#8243; btn_title=&#8221;m\u00eb shum\u00eb&#8221; grid_id=&#8221;vc_gid:1744894645288-27032a25c6c7806e887d6ea768d84d72-10&#8243; include=&#8221;3765,3764,3763,3762,3761,3760,3759,3758,3757,3756,3755,3754,3734,3733,3732,3731,3730,3724,3578,3577,3576,3575,3574,3565,3564,3563,3562,3561,3560,3559,3554,3516,3515,3514,3513,3512,3511,3510,3509,3508,3507,3506,3505,3504,3503,3502,3501,3500,3499,3498,3497,3496,3495,3494,3493,3492,3491,3490,3437,3436,3435,3434,3433,3432,3431,3430,3429,3428,3427,3426,3424,3423,3385,3384,3383,3382,3377,3368,3367,3366,3365,3364,3363,3362,3344,3352,3343,3342,3306,3293,3292,3291,3290,3289,3288,3287,3286,3285,3284,3283,3282,3273,3272,3271,3270,3256,3251,3250,3249,3244,3243,3237,3228,3227,3226,3225,3224,3223,3222,3221,3220,3219,3218,3217,3216,3215,3214,3211,3208,3207,3205,3202,3196,3195,3194,3193,3192,3191,3190,3189,3188,3187,3186,3185,3184,3181,3180,3179,3178,3177,3176,3175,3174,3173,3172,3171,3170,3169,3164,3162,3161,3160,3159,3158,3157,3156,3106,3105,3104,3103,3102,3101,3100,3099,3098,3097,3096,3095,3094,3093,3092,3091,3090,3089,3088,3075,3074,3073,3072,3071,3070,3069,3068,3061,3059,3058,3057,3056,3055,3054,3053,3052,3051,3050,3018,3017,3016,3015,3014,3013,3012,3011,2988,2980,2977,2976,2975,2974,2973,2955,2954,2953,2951,2728,2727,2721,2720,2719,2718,2716,2715,2714,2713,2704,2703,2702,2701,2700,2699,2698,2697,2696,2695,2694,2693,2692,2691,2656,2655,2654,2653,2652,2651,2650,2649,2648,2647,2646,2640,2639,2638,2637,2636,2627,2626,2622,2621,2620,2606,2598,2597,2593,2587,2562,2556,2555,2554,2553,2552,2551,2547,2546,2545,2470,2469,2468,2467,2466,2394,2385,2383,2382,2381,2380,2379,2378,2377,2376,2375,2374,2373,2372,2371,2370,2369,2368,2367,2366,2365,2363,2316,2315,2260,2259,2258,2257,2256,2255,2254,2253,2252,2251,2250,2249,2248,2247,2246,2245,2244,2243,2242,2207,2124,2123,2075,2074,2073,2072,2071,2070,2037,2036,2033&#8243;][\/vc_column][\/vc_row][vc_row][vc_column][\/vc_column][\/vc_row][vc_row][vc_column][\/vc_column][\/vc_row][vc_row][vc_column][vc_column_text]\r\n<div id=\"aiovg-69e35d2a685c41\" class=\"aiovg aiovg-videos aiovg-videos-template-classic\">\r\n\t<div class=\"aiovg-grid aiovg-row\">            \r\n        <div class=\"aiovg-col aiovg-col-3\">\r\n            \n<div class=\"aiovg-thumbnail aiovg-thumbnail-style-image-top\" data-id=\"3835\">\n    <a href=\"https:\/\/fsunk-kos.org\/index.php\/aiovg_videos\/kampionati-boteror-ne-kosove\/\" class=\"aiovg-responsive-container\" style=\"padding-bottom: 56.25%;\">\n        <img src=\"https:\/\/fsunk-kos.org\/wp-content\/uploads\/2019\/04\/Kapionati-boteror-1024x576.jpg\" alt=\"Kampionati bot\u00ebror n\u00eb Kosov\u00eb\" class=\"aiovg-responsive-element\" \/>                    \n        \n                \n        <svg class=\"aiovg-svg-icon aiovg-svg-icon-play\" width=\"32\" height=\"32\" viewBox=\"0 0 32 32\">\n            <path d=\"M16 0c-8.837 0-16 7.163-16 16s7.163 16 16 16 16-7.163 16-16-7.163-16-16-16zM16 29c-7.18 0-13-5.82-13-13s5.82-13 13-13 13 5.82 13 13-5.82 13-13 13zM12 9l12 7-12 7z\"><\/path>\n        <\/svg>\n    <\/a>    \t\n    \n    <div class=\"aiovg-caption\">\n                    <div class=\"aiovg-title\">\n                <a href=\"https:\/\/fsunk-kos.org\/index.php\/aiovg_videos\/kampionati-boteror-ne-kosove\/\" class=\"aiovg-link-title\">Kampionati bot\u00ebror n\u00eb Kosov\u00eb<\/a>\n            <\/div>\n        \n                    \n                \n        \n                \n                    <div class=\"aiovg-views aiovg-text-muted\">\n                <svg class=\"aiovg-svg-icon aiovg-svg-icon-views\" width=\"16\" height=\"16\" viewBox=\"0 0 32 32\">\n                    <path d=\"M16 6c-6.979 0-13.028 4.064-16 10 2.972 5.936 9.021 10 16 10s13.027-4.064 16-10c-2.972-5.936-9.021-10-16-10zM23.889 11.303c1.88 1.199 3.473 2.805 4.67 4.697-1.197 1.891-2.79 3.498-4.67 4.697-2.362 1.507-5.090 2.303-7.889 2.303s-5.527-0.796-7.889-2.303c-1.88-1.199-3.473-2.805-4.67-4.697 1.197-1.891 2.79-3.498 4.67-4.697 0.122-0.078 0.246-0.154 0.371-0.228-0.311 0.854-0.482 1.776-0.482 2.737 0 4.418 3.582 8 8 8s8-3.582 8-8c0-0.962-0.17-1.883-0.482-2.737 0.124 0.074 0.248 0.15 0.371 0.228v0zM16 13c0 1.657-1.343 3-3 3s-3-1.343-3-3 1.343-3 3-3 3 1.343 3 3z\"><\/path>\n                <\/svg> \n                41 views            <\/div>\n            <\/div>\n<\/div>            \r\n        <\/div>                \r\n                    \r\n        <div class=\"aiovg-col aiovg-col-3\">\r\n            \n<div class=\"aiovg-thumbnail aiovg-thumbnail-style-image-top\" data-id=\"3832\">\n    <a href=\"https:\/\/fsunk-kos.org\/index.php\/aiovg_videos\/ora-7-federata-e-sporteve-universitare-drejt-nje-organizimi-super-te-madh-klan-kosova\/\" class=\"aiovg-responsive-container\" style=\"padding-bottom: 56.25%;\">\n        <img src=\"https:\/\/fsunk-kos.org\/wp-content\/uploads\/2019\/04\/Ora-shtate-1024x576.jpg\" alt=\"Ora 7 - Federata e Sporteve Universitare drejt nj\u00eb organizimi super t\u00eb madh - Klan Kosova\" class=\"aiovg-responsive-element\" \/>                    \n        \n                \n        <svg class=\"aiovg-svg-icon aiovg-svg-icon-play\" width=\"32\" height=\"32\" viewBox=\"0 0 32 32\">\n            <path d=\"M16 0c-8.837 0-16 7.163-16 16s7.163 16 16 16 16-7.163 16-16-7.163-16-16-16zM16 29c-7.18 0-13-5.82-13-13s5.82-13 13-13 13 5.82 13 13-5.82 13-13 13zM12 9l12 7-12 7z\"><\/path>\n        <\/svg>\n    <\/a>    \t\n    \n    <div class=\"aiovg-caption\">\n                    <div class=\"aiovg-title\">\n                <a href=\"https:\/\/fsunk-kos.org\/index.php\/aiovg_videos\/ora-7-federata-e-sporteve-universitare-drejt-nje-organizimi-super-te-madh-klan-kosova\/\" class=\"aiovg-link-title\">Ora 7 &#8211; Federata e Sporteve Universitare drejt nj\u00eb organizimi super t\u00eb madh &#8211; Klan Kosova<\/a>\n            <\/div>\n        \n                    \n                \n        \n                \n                    <div class=\"aiovg-views aiovg-text-muted\">\n                <svg class=\"aiovg-svg-icon aiovg-svg-icon-views\" width=\"16\" height=\"16\" viewBox=\"0 0 32 32\">\n                    <path d=\"M16 6c-6.979 0-13.028 4.064-16 10 2.972 5.936 9.021 10 16 10s13.027-4.064 16-10c-2.972-5.936-9.021-10-16-10zM23.889 11.303c1.88 1.199 3.473 2.805 4.67 4.697-1.197 1.891-2.79 3.498-4.67 4.697-2.362 1.507-5.090 2.303-7.889 2.303s-5.527-0.796-7.889-2.303c-1.88-1.199-3.473-2.805-4.67-4.697 1.197-1.891 2.79-3.498 4.67-4.697 0.122-0.078 0.246-0.154 0.371-0.228-0.311 0.854-0.482 1.776-0.482 2.737 0 4.418 3.582 8 8 8s8-3.582 8-8c0-0.962-0.17-1.883-0.482-2.737 0.124 0.074 0.248 0.15 0.371 0.228v0zM16 13c0 1.657-1.343 3-3 3s-3-1.343-3-3 1.343-3 3-3 3 1.343 3 3z\"><\/path>\n                <\/svg> \n                25 views            <\/div>\n            <\/div>\n<\/div>            \r\n        <\/div>                \r\n        <\/div><\/div>[\/vc_column_text]<div class=\"rs-video-2 Style2 video-item-26 \"><img src=\"https:\/\/fsunk-kos.org\/wp-content\/uploads\/2019\/11\/livestream.png\" alt=\"\"><a style=\"background-color:#ea4c23!important\" class=\"popup-videos\" id=\"video-item-26\" data-bg=\"#ea4c23\" href=\"https:\/\/www.youtube.com\/watch?v=BwcyMgWLZVw\" title=\"\">\r\n\t\t\t\t\t\t<i data-icolor=\"#fff\" class=\"fa fa-play\"><\/i>\r\n\t\t\t\t\t<\/a>\r\n\t\t\t\t\t\r\n\t\t\t<\/div>[\/vc_column][\/vc_row]<\/p>\n","protected":false},"excerpt":{"rendered":"<p>[vc_row css=&#8221;.vc_custom_1559107114982{padding-bottom: 65px !important;}&#8221;][vc_column][vc_media_grid style=&#8221;load-more&#8221; items_per_page=&#8221;12&#8243; element_width=&#8221;2&#8243; btn_title=&#8221;m\u00eb shum\u00eb&#8221; grid_id=&#8221;vc_gid:1744894645288-27032a25c6c7806e887d6ea768d84d72-10&#8243; include=&#8221;3765,3764,3763,3762,3761,3760,3759,3758,3757,3756,3755,3754,3734,3733,3732,3731,3730,3724,3578,3577,3576,3575,3574,3565,3564,3563,3562,3561,3560,3559,3554,3516,3515,3514,3513,3512,3511,3510,3509,3508,3507,3506,3505,3504,3503,3502,3501,3500,3499,3498,3497,3496,3495,3494,3493,3492,3491,3490,3437,3436,3435,3434,3433,3432,3431,3430,3429,3428,3427,3426,3424,3423,3385,3384,3383,3382,3377,3368,3367,3366,3365,3364,3363,3362,3344,3352,3343,3342,3306,3293,3292,3291,3290,3289,3288,3287,3286,3285,3284,3283,3282,3273,3272,3271,3270,3256,3251,3250,3249,3244,3243,3237,3228,3227,3226,3225,3224,3223,3222,3221,3220,3219,3218,3217,3216,3215,3214,3211,3208,3207,3205,3202,3196,3195,3194,3193,3192,3191,3190,3189,3188,3187,3186,3185,3184,3181,3180,3179,3178,3177,3176,3175,3174,3173,3172,3171,3170,3169,3164,3162,3161,3160,3159,3158,3157,3156,3106,3105,3104,3103,3102,3101,3100,3099,3098,3097,3096,3095,3094,3093,3092,3091,3090,3089,3088,3075,3074,3073,3072,3071,3070,3069,3068,3061,3059,3058,3057,3056,3055,3054,3053,3052,3051,3050,3018,3017,3016,3015,3014,3013,3012,3011,2988,2980,2977,2976,2975,2974,2973,2955,2954,2953,2951,2728,2727,2721,2720,2719,2718,2716,2715,2714,2713,2704,2703,2702,2701,2700,2699,2698,2697,2696,2695,2694,2693,2692,2691,2656,2655,2654,2653,2652,2651,2650,2649,2648,2647,2646,2640,2639,2638,2637,2636,2627,2626,2622,2621,2620,2606,2598,2597,2593,2587,2562,2556,2555,2554,2553,2552,2551,2547,2546,2545,2470,2469,2468,2467,2466,2394,2385,2383,2382,2381,2380,2379,2378,2377,2376,2375,2374,2373,2372,2371,2370,2369,2368,2367,2366,2365,2363,2316,2315,2260,2259,2258,2257,2256,2255,2254,2253,2252,2251,2250,2249,2248,2247,2246,2245,2244,2243,2242,2207,2124,2123,2075,2074,2073,2072,2071,2070,2037,2036,2033&#8243;][\/vc_column][\/vc_row][vc_row][vc_column][\/vc_column][\/vc_row][vc_row][vc_column][\/vc_column][\/vc_row][vc_row][vc_column][vc_column_text][\/vc_column_text][\/vc_column]&#8230;<\/p>\n","protected":false},"author":1,"featured_media":0,"parent":0,"menu_order":0,"comment_status":"closed","ping_status":"closed","template":"","meta":{"ngg_post_thumbnail":0},"_links":{"self":[{"href":"https:\/\/fsunk-kos.org\/index.php\/wp-json\/wp\/v2\/pages\/1545"}],"collection":[{"href":"https:\/\/fsunk-kos.org\/index.php\/wp-json\/wp\/v2\/pages"}],"about":[{"href":"https:\/\/fsunk-kos.org\/index.php\/wp-json\/wp\/v2\/types\/page"}],"author":[{"embeddable":true,"href":"https:\/\/fsunk-kos.org\/index.php\/wp-json\/wp\/v2\/users\/1"}],"replies":[{"embeddable":true,"href":"https:\/\/fsunk-kos.org\/index.php\/wp-json\/wp\/v2\/comments?post=1545"}],"version-history":[{"count":43,"href":"https:\/\/fsunk-kos.org\/index.php\/wp-json\/wp\/v2\/pages\/1545\/revisions"}],"predecessor-version":[{"id":5484,"href":"https:\/\/fsunk-kos.org\/index.php\/wp-json\/wp\/v2\/pages\/1545\/revisions\/5484"}],"wp:attachment":[{"href":"https:\/\/fsunk-kos.org\/index.php\/wp-json\/wp\/v2\/media?parent=1545"}],"curies":[{"name":"wp","href":"https:\/\/api.w.org\/{rel}","templated":true}]}}