{"id":1377,"date":"2019-05-25T05:58:36","date_gmt":"2019-05-25T05:58:36","guid":{"rendered":"http:\/\/192.168.0.110\/sports\/?page_id=1377"},"modified":"2022-04-10T17:38:13","modified_gmt":"2022-04-10T15:38:13","slug":"blog-4-column","status":"publish","type":"page","link":"https:\/\/fsunk-kos.org\/index.php\/blog-4-column\/","title":{"rendered":"Lajme dhe ngjarje"},"content":{"rendered":"<p>[vc_row full_height=&#8221;yes&#8221; equal_height=&#8221;yes&#8221; css=&#8221;.vc_custom_1649605090453{padding-top: 100px !important;padding-bottom: 163px !important;}&#8221;][vc_column]<div class=\"rs-blog-grid rs-blog \">\r\n\t\t\t\t\t<div class=\"row\"><div class=\"blog-item col-lg-3 col-md-12 style2 \">\r\n\t\t\t\t\t\t\t\t\t<div class=\"blog-img image-scale\">\r\n\t\t\t\t\t\t\t\t\t\t<div class=\"image-wrap\"><a href=\"https:\/\/fsunk-kos.org\/?post_type=post&p=6043\"> <img width=\"1079\" height=\"720\" src=\"https:\/\/fsunk-kos.org\/wp-content\/uploads\/2026\/04\/F677280182_1455773663256974_7823493973815517259_n-1.jpg\" class=\"attachment-post-thumbnail size-post-thumbnail wp-post-image\" alt=\"\" loading=\"lazy\" srcset=\"https:\/\/fsunk-kos.org\/wp-content\/uploads\/2026\/04\/F677280182_1455773663256974_7823493973815517259_n-1.jpg 1079w, https:\/\/fsunk-kos.org\/wp-content\/uploads\/2026\/04\/F677280182_1455773663256974_7823493973815517259_n-1-300x200.jpg 300w, https:\/\/fsunk-kos.org\/wp-content\/uploads\/2026\/04\/F677280182_1455773663256974_7823493973815517259_n-1-1024x683.jpg 1024w, https:\/\/fsunk-kos.org\/wp-content\/uploads\/2026\/04\/F677280182_1455773663256974_7823493973815517259_n-1-768x512.jpg 768w\" sizes=\"(max-width: 1079px) 100vw, 1079px\" \/> <\/a><\/div>\r\n\t\t\t\t\t\t\t\t\t\t<div class=\"all-meta\">\r\n\t\t\t\t\t\t\t\t\t\t\t<div class=\"meta meta-date\">\r\n\t\t\t\t\t\t\t\t\t\t<span class=\"month-day\">20<\/span>\r\n                                        <span class=\"month-name\">Apr<\/span>\r\n\t\t\t\t\t\t\t\t<\/div>\r\n\t\t\t\t\t\t\t\t\t \t\t<div class=\"meta author\"><\/div>\r\n\t\t\t\t\t\t\t\t \t\t<\/div>\r\n\t\t\t\t\t\t\t\t \t<\/div>\r\n\t\t\t\t\t\t\t\t<div class=\"bottom-shadow1 blog-meta \">\r\n\t\t\t\t\t\t\t\t\t\t<h3 class=\"blog-title\"><a href=\"https:\/\/fsunk-kos.org\/?post_type=post&p=6043\"> Nisin ligat universitare \u2013 ngjarja m\u00eb e madhe e sportit universitar n\u00eb vend <\/a><\/h3>\r\n\t\t\t\t\t\t\t\t\t\t<div class=\"blog-desc\">\r\n\t\t\t\t\t\t\t\tSot, FSUNK-ja ka mbledhur n\u00eb fush\u00ebn sportive t\u00eb Fakulteti i Edukimit Fizik dhe i Sportit &#8211; Faqja zyrtare qindra student\u00eb, t\u00eb...\r\n\t\t\t\t\t\t\t<\/div>\r\n\t\t\t\t\t\t\t\t\t\t<div class=\"blog-button\"><a href=\"https:\/\/fsunk-kos.org\/?post_type=post&#038;p=6043\">M\u00eb shum\u00eb<\/a><\/div>\r\n\t\t\t\t\t\t\t\t<\/div>\r\n\t\t\t\t\t\t\t<\/div><div class=\"blog-item col-lg-3 col-md-12 style2 \">\r\n\t\t\t\t\t\t\t\t\t<div class=\"blog-img image-scale\">\r\n\t\t\t\t\t\t\t\t\t\t<div class=\"image-wrap\"><a href=\"https:\/\/fsunk-kos.org\/?post_type=post&p=6017\"> <img width=\"1000\" height=\"666\" src=\"https:\/\/fsunk-kos.org\/wp-content\/uploads\/2026\/03\/656231336_18112939405676383_3004158947789832869_n.jpg\" class=\"attachment-post-thumbnail size-post-thumbnail wp-post-image\" alt=\"\" loading=\"lazy\" srcset=\"https:\/\/fsunk-kos.org\/wp-content\/uploads\/2026\/03\/656231336_18112939405676383_3004158947789832869_n.jpg 1000w, https:\/\/fsunk-kos.org\/wp-content\/uploads\/2026\/03\/656231336_18112939405676383_3004158947789832869_n-300x200.jpg 300w, https:\/\/fsunk-kos.org\/wp-content\/uploads\/2026\/03\/656231336_18112939405676383_3004158947789832869_n-768x511.jpg 768w\" sizes=\"(max-width: 1000px) 100vw, 1000px\" \/> <\/a><\/div>\r\n\t\t\t\t\t\t\t\t\t\t<div class=\"all-meta\">\r\n\t\t\t\t\t\t\t\t\t\t\t<div class=\"meta meta-date\">\r\n\t\t\t\t\t\t\t\t\t\t<span class=\"month-day\">23<\/span>\r\n                                        <span class=\"month-name\">Mar<\/span>\r\n\t\t\t\t\t\t\t\t<\/div>\r\n\t\t\t\t\t\t\t\t\t \t\t<div class=\"meta author\"><\/div>\r\n\t\t\t\t\t\t\t\t \t\t<\/div>\r\n\t\t\t\t\t\t\t\t \t<\/div>\r\n\t\t\t\t\t\t\t\t<div class=\"bottom-shadow1 blog-meta \">\r\n\t\t\t\t\t\t\t\t\t\t<h3 class=\"blog-title\"><a href=\"https:\/\/fsunk-kos.org\/?post_type=post&p=6017\"> Presidenti Musa Selimi takon Ministrin Blerim Gashani p\u00ebr fuqizimin e sportit universitar n\u00eb Kosov\u00eb <\/a><\/h3>\r\n\t\t\t\t\t\t\t\t\t\t<div class=\"blog-desc\">\r\n\t\t\t\t\t\t\t\tPresidenti i Federat\u00ebs s\u00eb Sportit Universitar t\u00eb Kosov\u00ebs (FSUNK), Prof. Assoc. Dr. Musa Selimi, zhvilloi nj\u00eb takim pune me Ministrin e...\r\n\t\t\t\t\t\t\t<\/div>\r\n\t\t\t\t\t\t\t\t\t\t<div class=\"blog-button\"><a href=\"https:\/\/fsunk-kos.org\/?post_type=post&#038;p=6017\">M\u00eb shum\u00eb<\/a><\/div>\r\n\t\t\t\t\t\t\t\t<\/div>\r\n\t\t\t\t\t\t\t<\/div><div class=\"blog-item col-lg-3 col-md-12 style2 \">\r\n\t\t\t\t\t\t\t\t\t<div class=\"blog-img image-scale\">\r\n\t\t\t\t\t\t\t\t\t\t<div class=\"image-wrap\"><a href=\"https:\/\/fsunk-kos.org\/?post_type=post&p=5999\"> <img width=\"1082\" height=\"720\" src=\"https:\/\/fsunk-kos.org\/wp-content\/uploads\/2026\/03\/636752689_1400352805465727_3943011161364965351_nF.jpg\" class=\"attachment-post-thumbnail size-post-thumbnail wp-post-image\" alt=\"\" loading=\"lazy\" srcset=\"https:\/\/fsunk-kos.org\/wp-content\/uploads\/2026\/03\/636752689_1400352805465727_3943011161364965351_nF.jpg 1082w, https:\/\/fsunk-kos.org\/wp-content\/uploads\/2026\/03\/636752689_1400352805465727_3943011161364965351_nF-300x200.jpg 300w, https:\/\/fsunk-kos.org\/wp-content\/uploads\/2026\/03\/636752689_1400352805465727_3943011161364965351_nF-1024x681.jpg 1024w, https:\/\/fsunk-kos.org\/wp-content\/uploads\/2026\/03\/636752689_1400352805465727_3943011161364965351_nF-768x511.jpg 768w\" sizes=\"(max-width: 1082px) 100vw, 1082px\" \/> <\/a><\/div>\r\n\t\t\t\t\t\t\t\t\t\t<div class=\"all-meta\">\r\n\t\t\t\t\t\t\t\t\t\t\t<div class=\"meta meta-date\">\r\n\t\t\t\t\t\t\t\t\t\t<span class=\"month-day\">17<\/span>\r\n                                        <span class=\"month-name\">Feb<\/span>\r\n\t\t\t\t\t\t\t\t<\/div>\r\n\t\t\t\t\t\t\t\t\t \t\t<div class=\"meta author\"><\/div>\r\n\t\t\t\t\t\t\t\t \t\t<\/div>\r\n\t\t\t\t\t\t\t\t \t<\/div>\r\n\t\t\t\t\t\t\t\t<div class=\"bottom-shadow1 blog-meta \">\r\n\t\t\t\t\t\t\t\t\t\t<h3 class=\"blog-title\"><a href=\"https:\/\/fsunk-kos.org\/?post_type=post&p=5999\"> Student\u00ebt festojn\u00eb 18-vjetorin e Pavar\u00ebsis\u00eb s\u00eb Kosov\u00ebs n\u00eb fush\u00ebn e padelit <\/a><\/h3>\r\n\t\t\t\t\t\t\t\t\t\t<div class=\"blog-desc\">\r\n\t\t\t\t\t\t\t\tMe 13 ekipe pjes\u00ebmarr\u00ebse nga universitete dhe kolegje vendore, \u00ebsht\u00eb duke u zhvilluar turniri p\u00ebr kampionin e pavar\u00ebsis\u00eb n\u00eb sportin universitar...\r\n\t\t\t\t\t\t\t<\/div>\r\n\t\t\t\t\t\t\t\t\t\t<div class=\"blog-button\"><a href=\"https:\/\/fsunk-kos.org\/?post_type=post&#038;p=5999\">M\u00eb shum\u00eb<\/a><\/div>\r\n\t\t\t\t\t\t\t\t<\/div>\r\n\t\t\t\t\t\t\t<\/div><div class=\"blog-item col-lg-3 col-md-12 style2 \">\r\n\t\t\t\t\t\t\t\t\t<div class=\"blog-img image-scale\">\r\n\t\t\t\t\t\t\t\t\t\t<div class=\"image-wrap\"><a href=\"https:\/\/fsunk-kos.org\/?post_type=post&p=5986\"> <img width=\"1080\" height=\"720\" src=\"https:\/\/fsunk-kos.org\/wp-content\/uploads\/2026\/02\/EUSA26.jpg\" class=\"attachment-post-thumbnail size-post-thumbnail wp-post-image\" alt=\"\" loading=\"lazy\" srcset=\"https:\/\/fsunk-kos.org\/wp-content\/uploads\/2026\/02\/EUSA26.jpg 1080w, https:\/\/fsunk-kos.org\/wp-content\/uploads\/2026\/02\/EUSA26-300x200.jpg 300w, https:\/\/fsunk-kos.org\/wp-content\/uploads\/2026\/02\/EUSA26-1024x683.jpg 1024w, https:\/\/fsunk-kos.org\/wp-content\/uploads\/2026\/02\/EUSA26-768x512.jpg 768w\" sizes=\"(max-width: 1080px) 100vw, 1080px\" \/> <\/a><\/div>\r\n\t\t\t\t\t\t\t\t\t\t<div class=\"all-meta\">\r\n\t\t\t\t\t\t\t\t\t\t\t<div class=\"meta meta-date\">\r\n\t\t\t\t\t\t\t\t\t\t<span class=\"month-day\">02<\/span>\r\n                                        <span class=\"month-name\">Feb<\/span>\r\n\t\t\t\t\t\t\t\t<\/div>\r\n\t\t\t\t\t\t\t\t\t \t\t<div class=\"meta author\"><\/div>\r\n\t\t\t\t\t\t\t\t \t\t<\/div>\r\n\t\t\t\t\t\t\t\t \t<\/div>\r\n\t\t\t\t\t\t\t\t<div class=\"bottom-shadow1 blog-meta \">\r\n\t\t\t\t\t\t\t\t\t\t<h3 class=\"blog-title\"><a href=\"https:\/\/fsunk-kos.org\/?post_type=post&p=5986\"> B\u00ebhu pjes\u00eb e EUSA 2026 \u2013 Mund\u00ebsi vullnetarizmi p\u00ebr student\u00ebt n\u00eb European Solidarity Corps &#8211; Itali <\/a><\/h3>\r\n\t\t\t\t\t\t\t\t\t\t<div class=\"blog-desc\">\r\n\t\t\t\t\t\t\t\tFederata e Sportit Universitar njofton student\u00ebt p\u00ebr mund\u00ebsi vullnetarizmi n\u00eb EUSA n\u00eb vitin 2026, n\u00eb kuad\u00ebr t\u00eb European Solidarity Corps. Angazhim...\r\n\t\t\t\t\t\t\t<\/div>\r\n\t\t\t\t\t\t\t\t\t\t<div class=\"blog-button\"><a href=\"https:\/\/fsunk-kos.org\/?post_type=post&#038;p=5986\">M\u00eb shum\u00eb<\/a><\/div>\r\n\t\t\t\t\t\t\t\t<\/div>\r\n\t\t\t\t\t\t\t<\/div><div class=\"blog-item col-lg-3 col-md-12 style2 \">\r\n\t\t\t\t\t\t\t\t\t<div class=\"blog-img image-scale\">\r\n\t\t\t\t\t\t\t\t\t\t<div class=\"image-wrap\"><a href=\"https:\/\/fsunk-kos.org\/?post_type=post&p=5970\"> <img width=\"1080\" height=\"720\" src=\"https:\/\/fsunk-kos.org\/wp-content\/uploads\/2026\/01\/foto_1080x720.jpg\" class=\"attachment-post-thumbnail size-post-thumbnail wp-post-image\" alt=\"\" loading=\"lazy\" srcset=\"https:\/\/fsunk-kos.org\/wp-content\/uploads\/2026\/01\/foto_1080x720.jpg 1080w, https:\/\/fsunk-kos.org\/wp-content\/uploads\/2026\/01\/foto_1080x720-300x200.jpg 300w, https:\/\/fsunk-kos.org\/wp-content\/uploads\/2026\/01\/foto_1080x720-1024x683.jpg 1024w, https:\/\/fsunk-kos.org\/wp-content\/uploads\/2026\/01\/foto_1080x720-768x512.jpg 768w\" sizes=\"(max-width: 1080px) 100vw, 1080px\" \/> <\/a><\/div>\r\n\t\t\t\t\t\t\t\t\t\t<div class=\"all-meta\">\r\n\t\t\t\t\t\t\t\t\t\t\t<div class=\"meta meta-date\">\r\n\t\t\t\t\t\t\t\t\t\t<span class=\"month-day\">27<\/span>\r\n                                        <span class=\"month-name\">Jan<\/span>\r\n\t\t\t\t\t\t\t\t<\/div>\r\n\t\t\t\t\t\t\t\t\t \t\t<div class=\"meta author\"><\/div>\r\n\t\t\t\t\t\t\t\t \t\t<\/div>\r\n\t\t\t\t\t\t\t\t \t<\/div>\r\n\t\t\t\t\t\t\t\t<div class=\"bottom-shadow1 blog-meta \">\r\n\t\t\t\t\t\t\t\t\t\t<h3 class=\"blog-title\"><a href=\"https:\/\/fsunk-kos.org\/?post_type=post&p=5970\"> FSUNK dhe FPKS nisin bashk\u00ebpunimin p\u00ebr zhvillimin e padelit n\u00eb nivel universitar <\/a><\/h3>\r\n\t\t\t\t\t\t\t\t\t\t<div class=\"blog-desc\">\r\n\t\t\t\t\t\t\t\tFederata e Sporteve Universitare e Kosov\u00ebs dhe Federata e Padelit e Kosov\u00ebs kan\u00eb nisur bashk\u00ebpunimin me synim zhvillimin, promovimin dhe institucionalizimin...\r\n\t\t\t\t\t\t\t<\/div>\r\n\t\t\t\t\t\t\t\t\t\t<div class=\"blog-button\"><a href=\"https:\/\/fsunk-kos.org\/?post_type=post&#038;p=5970\">M\u00eb shum\u00eb<\/a><\/div>\r\n\t\t\t\t\t\t\t\t<\/div>\r\n\t\t\t\t\t\t\t<\/div><div class=\"blog-item col-lg-3 col-md-12 style2 \">\r\n\t\t\t\t\t\t\t\t\t<div class=\"blog-img image-scale\">\r\n\t\t\t\t\t\t\t\t\t\t<div class=\"image-wrap\"><a href=\"https:\/\/fsunk-kos.org\/?post_type=post&p=5903\"> <img width=\"1200\" height=\"628\" src=\"https:\/\/fsunk-kos.org\/wp-content\/uploads\/2026\/01\/Laureatet-FSUNK-2025.png\" class=\"attachment-post-thumbnail size-post-thumbnail wp-post-image\" alt=\"\" loading=\"lazy\" srcset=\"https:\/\/fsunk-kos.org\/wp-content\/uploads\/2026\/01\/Laureatet-FSUNK-2025.png 1200w, https:\/\/fsunk-kos.org\/wp-content\/uploads\/2026\/01\/Laureatet-FSUNK-2025-300x157.png 300w, https:\/\/fsunk-kos.org\/wp-content\/uploads\/2026\/01\/Laureatet-FSUNK-2025-1024x536.png 1024w, https:\/\/fsunk-kos.org\/wp-content\/uploads\/2026\/01\/Laureatet-FSUNK-2025-768x402.png 768w\" sizes=\"(max-width: 1200px) 100vw, 1200px\" \/> <\/a><\/div>\r\n\t\t\t\t\t\t\t\t\t\t<div class=\"all-meta\">\r\n\t\t\t\t\t\t\t\t\t\t\t<div class=\"meta meta-date\">\r\n\t\t\t\t\t\t\t\t\t\t<span class=\"month-day\">17<\/span>\r\n                                        <span class=\"month-name\">Jan<\/span>\r\n\t\t\t\t\t\t\t\t<\/div>\r\n\t\t\t\t\t\t\t\t\t \t\t<div class=\"meta author\"><\/div>\r\n\t\t\t\t\t\t\t\t \t\t<\/div>\r\n\t\t\t\t\t\t\t\t \t<\/div>\r\n\t\t\t\t\t\t\t\t<div class=\"bottom-shadow1 blog-meta \">\r\n\t\t\t\t\t\t\t\t\t\t<h3 class=\"blog-title\"><a href=\"https:\/\/fsunk-kos.org\/?post_type=post&p=5903\"> Shp\u00ebrblehen m\u00eb t\u00eb mir\u00ebt e vitit 2025 <\/a><\/h3>\r\n\t\t\t\t\t\t\t\t\t\t<div class=\"blog-desc\">\r\n\t\t\t\t\t\t\t\tFederata e Sporteve Universitare e Kosov\u00ebs, n\u00eb pranin\u00eb e personaliteteve t\u00eb r\u00ebnd\u00ebsishme t\u00eb sportit, arsimit t\u00eb lart\u00eb, si dhe partner\u00ebve t\u00eb...\r\n\t\t\t\t\t\t\t<\/div>\r\n\t\t\t\t\t\t\t\t\t\t<div class=\"blog-button\"><a href=\"https:\/\/fsunk-kos.org\/?post_type=post&#038;p=5903\">M\u00eb shum\u00eb<\/a><\/div>\r\n\t\t\t\t\t\t\t\t<\/div>\r\n\t\t\t\t\t\t\t<\/div><div class=\"blog-item col-lg-3 col-md-12 style2 \">\r\n\t\t\t\t\t\t\t\t\t<div class=\"blog-img image-scale\">\r\n\t\t\t\t\t\t\t\t\t\t<div class=\"image-wrap\"><a href=\"https:\/\/fsunk-kos.org\/?post_type=post&p=5883\"> <img width=\"1080\" height=\"720\" src=\"https:\/\/fsunk-kos.org\/wp-content\/uploads\/2025\/12\/df.jpg\" class=\"attachment-post-thumbnail size-post-thumbnail wp-post-image\" alt=\"\" loading=\"lazy\" srcset=\"https:\/\/fsunk-kos.org\/wp-content\/uploads\/2025\/12\/df.jpg 1080w, https:\/\/fsunk-kos.org\/wp-content\/uploads\/2025\/12\/df-300x200.jpg 300w, https:\/\/fsunk-kos.org\/wp-content\/uploads\/2025\/12\/df-1024x683.jpg 1024w, https:\/\/fsunk-kos.org\/wp-content\/uploads\/2025\/12\/df-768x512.jpg 768w\" sizes=\"(max-width: 1080px) 100vw, 1080px\" \/> <\/a><\/div>\r\n\t\t\t\t\t\t\t\t\t\t<div class=\"all-meta\">\r\n\t\t\t\t\t\t\t\t\t\t\t<div class=\"meta meta-date\">\r\n\t\t\t\t\t\t\t\t\t\t<span class=\"month-day\">07<\/span>\r\n                                        <span class=\"month-name\">Dec<\/span>\r\n\t\t\t\t\t\t\t\t<\/div>\r\n\t\t\t\t\t\t\t\t\t \t\t<div class=\"meta author\"><\/div>\r\n\t\t\t\t\t\t\t\t \t\t<\/div>\r\n\t\t\t\t\t\t\t\t \t<\/div>\r\n\t\t\t\t\t\t\t\t<div class=\"bottom-shadow1 blog-meta \">\r\n\t\t\t\t\t\t\t\t\t\t<h3 class=\"blog-title\"><a href=\"https:\/\/fsunk-kos.org\/?post_type=post&p=5883\"> Dy trofe nga Turneu m\u00eb i vjet\u00ebr n\u00eb rajon, Dubrovnik <\/a><\/h3>\r\n\t\t\t\t\t\t\t\t\t\t<div class=\"blog-desc\">\r\n\t\t\t\t\t\t\t\ttudent\u00ebt e Fakultetit t\u00eb Edukimit Fizik dhe Sportit shk\u00eblqyen n\u00eb Turneun e 28-t\u00eb Nd\u00ebrkomb\u00ebtar n\u00eb Dubrovnik, mes qindra pjes\u00ebmarr\u00ebsve nga universitetet...\r\n\t\t\t\t\t\t\t<\/div>\r\n\t\t\t\t\t\t\t\t\t\t<div class=\"blog-button\"><a href=\"https:\/\/fsunk-kos.org\/?post_type=post&#038;p=5883\">M\u00eb shum\u00eb<\/a><\/div>\r\n\t\t\t\t\t\t\t\t<\/div>\r\n\t\t\t\t\t\t\t<\/div><div class=\"blog-item col-lg-3 col-md-12 style2 \">\r\n\t\t\t\t\t\t\t\t\t<div class=\"blog-img image-scale\">\r\n\t\t\t\t\t\t\t\t\t\t<div class=\"image-wrap\"><a href=\"https:\/\/fsunk-kos.org\/?post_type=post&p=5861\"> <img width=\"1076\" height=\"720\" src=\"https:\/\/fsunk-kos.org\/wp-content\/uploads\/2025\/12\/un.jpg\" class=\"attachment-post-thumbnail size-post-thumbnail wp-post-image\" alt=\"\" loading=\"lazy\" srcset=\"https:\/\/fsunk-kos.org\/wp-content\/uploads\/2025\/12\/un.jpg 1076w, https:\/\/fsunk-kos.org\/wp-content\/uploads\/2025\/12\/un-300x201.jpg 300w, https:\/\/fsunk-kos.org\/wp-content\/uploads\/2025\/12\/un-1024x685.jpg 1024w, https:\/\/fsunk-kos.org\/wp-content\/uploads\/2025\/12\/un-768x514.jpg 768w\" sizes=\"(max-width: 1076px) 100vw, 1076px\" \/> <\/a><\/div>\r\n\t\t\t\t\t\t\t\t\t\t<div class=\"all-meta\">\r\n\t\t\t\t\t\t\t\t\t\t\t<div class=\"meta meta-date\">\r\n\t\t\t\t\t\t\t\t\t\t<span class=\"month-day\">27<\/span>\r\n                                        <span class=\"month-name\">Nov<\/span>\r\n\t\t\t\t\t\t\t\t<\/div>\r\n\t\t\t\t\t\t\t\t\t \t\t<div class=\"meta author\"><\/div>\r\n\t\t\t\t\t\t\t\t \t\t<\/div>\r\n\t\t\t\t\t\t\t\t \t<\/div>\r\n\t\t\t\t\t\t\t\t<div class=\"bottom-shadow1 blog-meta \">\r\n\t\t\t\t\t\t\t\t\t\t<h3 class=\"blog-title\"><a href=\"https:\/\/fsunk-kos.org\/?post_type=post&p=5861\"> Sporti dhe Flamuri bashkojn\u00eb Student\u00ebt n\u00eb Universiad\u00ebn e N\u00ebntorit <\/a><\/h3>\r\n\t\t\t\t\t\t\t\t\t\t<div class=\"blog-desc\">\r\n\t\t\t\t\t\t\t\tStudent\u00ebt nga Kosova, Shqip\u00ebria dhe Maqedonia e Veriut, n\u00ebn organizimin e FSUNK-s\u00eb, u bashkuan sot n\u00eb Prishtin\u00eb p\u00ebr t\u00eb sh\u00ebnuar Dit\u00ebn...\r\n\t\t\t\t\t\t\t<\/div>\r\n\t\t\t\t\t\t\t\t\t\t<div class=\"blog-button\"><a href=\"https:\/\/fsunk-kos.org\/?post_type=post&#038;p=5861\">M\u00eb shum\u00eb<\/a><\/div>\r\n\t\t\t\t\t\t\t\t<\/div>\r\n\t\t\t\t\t\t\t<\/div><\/div><div class=\"pagination-area\"><div class=\"nav-links\"><span aria-current=\"page\" class=\"page-numbers current\">1<\/span>\n<a class=\"page-numbers\" href=\"https:\/\/fsunk-kos.org\/index.php\/wp-json\/wp\/v2\/pages\/1377\/page\/2\/\">2<\/a>\n<a class=\"page-numbers\" href=\"https:\/\/fsunk-kos.org\/index.php\/wp-json\/wp\/v2\/pages\/1377\/page\/3\/\">3<\/a>\n<span class=\"page-numbers dots\">&hellip;<\/span>\n<a class=\"page-numbers\" href=\"https:\/\/fsunk-kos.org\/index.php\/wp-json\/wp\/v2\/pages\/1377\/page\/27\/\">27<\/a>\n<a class=\"next page-numbers\" href=\"https:\/\/fsunk-kos.org\/index.php\/wp-json\/wp\/v2\/pages\/1377\/page\/2\/\">Next &raquo;<\/a><\/div><\/div><\/div>[\/vc_column][\/vc_row]<\/p>\n","protected":false},"excerpt":{"rendered":"<p>[vc_row full_height=&#8221;yes&#8221; equal_height=&#8221;yes&#8221; css=&#8221;.vc_custom_1649605090453{padding-top: 100px !important;padding-bottom: 163px !important;}&#8221;][vc_column][\/vc_column]&#8230;<\/p>\n","protected":false},"author":1,"featured_media":0,"parent":0,"menu_order":0,"comment_status":"closed","ping_status":"closed","template":"","meta":{"ngg_post_thumbnail":0},"_links":{"self":[{"href":"https:\/\/fsunk-kos.org\/index.php\/wp-json\/wp\/v2\/pages\/1377"}],"collection":[{"href":"https:\/\/fsunk-kos.org\/index.php\/wp-json\/wp\/v2\/pages"}],"about":[{"href":"https:\/\/fsunk-kos.org\/index.php\/wp-json\/wp\/v2\/types\/page"}],"author":[{"embeddable":true,"href":"https:\/\/fsunk-kos.org\/index.php\/wp-json\/wp\/v2\/users\/1"}],"replies":[{"embeddable":true,"href":"https:\/\/fsunk-kos.org\/index.php\/wp-json\/wp\/v2\/comments?post=1377"}],"version-history":[{"count":8,"href":"https:\/\/fsunk-kos.org\/index.php\/wp-json\/wp\/v2\/pages\/1377\/revisions"}],"predecessor-version":[{"id":3845,"href":"https:\/\/fsunk-kos.org\/index.php\/wp-json\/wp\/v2\/pages\/1377\/revisions\/3845"}],"wp:attachment":[{"href":"https:\/\/fsunk-kos.org\/index.php\/wp-json\/wp\/v2\/media?parent=1377"}],"curies":[{"name":"wp","href":"https:\/\/api.w.org\/{rel}","templated":true}]}}