{"id":1372,"date":"2019-05-25T05:52:43","date_gmt":"2019-05-25T05:52:43","guid":{"rendered":"http:\/\/192.168.0.110\/sports\/?page_id=1372"},"modified":"2020-11-02T17:47:00","modified_gmt":"2020-11-02T17:47:00","slug":"blog-3-column","status":"publish","type":"page","link":"https:\/\/fsunk-kos.org\/index.php\/blog-3-column\/","title":{"rendered":"Marr\u00ebveshje bashk\u00ebpunimi"},"content":{"rendered":"<p>[vc_row css=&#8221;.vc_custom_1558762807481{padding-top: 100px !important;padding-bottom: 110px !important;}&#8221;][vc_column]<div class=\"rs-blog-grid rs-blog \">\r\n\t\t\t\t\t<div class=\"row\"><div class=\"blog-item col-lg-4 col-md-12 style2 \">\r\n\t\t\t\t\t\t\t\t\t<div class=\"blog-img image-scale\">\r\n\t\t\t\t\t\t\t\t\t\t<div class=\"image-wrap\"><a href=\"https:\/\/fsunk-kos.org\/?post_type=post&p=5970\"> <img width=\"1080\" height=\"720\" src=\"https:\/\/fsunk-kos.org\/wp-content\/uploads\/2026\/01\/foto_1080x720.jpg\" class=\"attachment-post-thumbnail size-post-thumbnail wp-post-image\" alt=\"\" loading=\"lazy\" srcset=\"https:\/\/fsunk-kos.org\/wp-content\/uploads\/2026\/01\/foto_1080x720.jpg 1080w, https:\/\/fsunk-kos.org\/wp-content\/uploads\/2026\/01\/foto_1080x720-300x200.jpg 300w, https:\/\/fsunk-kos.org\/wp-content\/uploads\/2026\/01\/foto_1080x720-1024x683.jpg 1024w, https:\/\/fsunk-kos.org\/wp-content\/uploads\/2026\/01\/foto_1080x720-768x512.jpg 768w\" sizes=\"(max-width: 1080px) 100vw, 1080px\" \/> <\/a><\/div>\r\n\t\t\t\t\t\t\t\t\t\t<div class=\"all-meta\">\r\n\t\t\t\t\t\t\t\t\t\t\t<div class=\"meta meta-date\">\r\n\t\t\t\t\t\t\t\t\t\t<span class=\"month-day\">27<\/span>\r\n                                        <span class=\"month-name\">Jan<\/span>\r\n\t\t\t\t\t\t\t\t<\/div>\r\n\t\t\t\t\t\t\t\t\t \t\t<div class=\"meta author\"><i class=\"glyph-icon flaticon-user-1\"><\/i> <span class=\"author\"> fsunk<\/span><\/div>\r\n\t\t\t\t\t\t\t\t \t\t<\/div>\r\n\t\t\t\t\t\t\t\t \t<\/div>\r\n\t\t\t\t\t\t\t\t<div class=\"bottom-shadow1 blog-meta \">\r\n\t\t\t\t\t\t\t\t\t\t<h3 class=\"blog-title\"><a href=\"https:\/\/fsunk-kos.org\/?post_type=post&p=5970\"> FSUNK dhe FPKS nisin bashk\u00ebpunimin p\u00ebr zhvillimin e padelit n\u00eb nivel universitar <\/a><\/h3>\r\n\t\t\t\t\t\t\t\t\t\t<div class=\"blog-desc\">\r\n\t\t\t\t\t\t\t\tFederata e Sporteve Universitare e Kosov\u00ebs dhe Federata e Padelit e Kosov\u00ebs kan\u00eb nisur bashk\u00ebpunimin me synim zhvillimin, promovimin dhe institucionalizimin...\r\n\t\t\t\t\t\t\t<\/div>\r\n\t\t\t\t\t\t\t\t\t\t<div class=\"blog-button\"><a href=\"https:\/\/fsunk-kos.org\/?post_type=post&#038;p=5970\">M\u00eb shum\u00eb<\/a><\/div>\r\n\t\t\t\t\t\t\t\t<\/div>\r\n\t\t\t\t\t\t\t<\/div><div class=\"blog-item col-lg-4 col-md-12 style2 \">\r\n\t\t\t\t\t\t\t\t\t<div class=\"blog-img image-scale\">\r\n\t\t\t\t\t\t\t\t\t\t<div class=\"image-wrap\"><a href=\"https:\/\/fsunk-kos.org\/?post_type=post&p=5807\"> <img width=\"900\" height=\"720\" src=\"https:\/\/fsunk-kos.org\/wp-content\/uploads\/2025\/11\/FSUNK-KEP.jpg\" class=\"attachment-post-thumbnail size-post-thumbnail wp-post-image\" alt=\"\" loading=\"lazy\" srcset=\"https:\/\/fsunk-kos.org\/wp-content\/uploads\/2025\/11\/FSUNK-KEP.jpg 900w, https:\/\/fsunk-kos.org\/wp-content\/uploads\/2025\/11\/FSUNK-KEP-300x240.jpg 300w, https:\/\/fsunk-kos.org\/wp-content\/uploads\/2025\/11\/FSUNK-KEP-768x614.jpg 768w\" sizes=\"(max-width: 900px) 100vw, 900px\" \/> <\/a><\/div>\r\n\t\t\t\t\t\t\t\t\t\t<div class=\"all-meta\">\r\n\t\t\t\t\t\t\t\t\t\t\t<div class=\"meta meta-date\">\r\n\t\t\t\t\t\t\t\t\t\t<span class=\"month-day\">03<\/span>\r\n                                        <span class=\"month-name\">Nov<\/span>\r\n\t\t\t\t\t\t\t\t<\/div>\r\n\t\t\t\t\t\t\t\t\t \t\t<div class=\"meta author\"><i class=\"glyph-icon flaticon-user-1\"><\/i> <span class=\"author\"> fsunk<\/span><\/div>\r\n\t\t\t\t\t\t\t\t \t\t<\/div>\r\n\t\t\t\t\t\t\t\t \t<\/div>\r\n\t\t\t\t\t\t\t\t<div class=\"bottom-shadow1 blog-meta \">\r\n\t\t\t\t\t\t\t\t\t\t<h3 class=\"blog-title\"><a href=\"https:\/\/fsunk-kos.org\/?post_type=post&p=5807\"> FSUNK-ja dhe KEP Trust bashkojn\u00eb forcat p\u00ebr zhvillimin e sportit universitar <\/a><\/h3>\r\n\t\t\t\t\t\t\t\t\t\t<div class=\"blog-desc\">\r\n\t\t\t\t\t\t\t\tFederata e Sporteve Universitare e Kosov\u00ebs (FSUNK) ka k\u00ebnaq\u00ebsin\u00eb t\u00eb njoftoj\u00eb p\u00ebr arritjen e marr\u00ebveshjes s\u00eb sponsorizimit me KEP Trust, nj\u00eb...\r\n\t\t\t\t\t\t\t<\/div>\r\n\t\t\t\t\t\t\t\t\t\t<div class=\"blog-button\"><a href=\"https:\/\/fsunk-kos.org\/?post_type=post&#038;p=5807\">M\u00eb shum\u00eb<\/a><\/div>\r\n\t\t\t\t\t\t\t\t<\/div>\r\n\t\t\t\t\t\t\t<\/div><div class=\"blog-item col-lg-4 col-md-12 style2 \">\r\n\t\t\t\t\t\t\t\t\t<div class=\"blog-img image-scale\">\r\n\t\t\t\t\t\t\t\t\t\t<div class=\"image-wrap\"><a href=\"https:\/\/fsunk-kos.org\/?post_type=post&p=3573\"> <img width=\"1200\" height=\"630\" src=\"https:\/\/fsunk-kos.org\/wp-content\/uploads\/2022\/04\/Marrveshje-ff.jpeg\" class=\"attachment-post-thumbnail size-post-thumbnail wp-post-image\" alt=\"\" loading=\"lazy\" srcset=\"https:\/\/fsunk-kos.org\/wp-content\/uploads\/2022\/04\/Marrveshje-ff.jpeg 1200w, https:\/\/fsunk-kos.org\/wp-content\/uploads\/2022\/04\/Marrveshje-ff-300x158.jpeg 300w, https:\/\/fsunk-kos.org\/wp-content\/uploads\/2022\/04\/Marrveshje-ff-1024x538.jpeg 1024w, https:\/\/fsunk-kos.org\/wp-content\/uploads\/2022\/04\/Marrveshje-ff-768x403.jpeg 768w\" sizes=\"(max-width: 1200px) 100vw, 1200px\" \/> <\/a><\/div>\r\n\t\t\t\t\t\t\t\t\t\t<div class=\"all-meta\">\r\n\t\t\t\t\t\t\t\t\t\t\t<div class=\"meta meta-date\">\r\n\t\t\t\t\t\t\t\t\t\t<span class=\"month-day\">04<\/span>\r\n                                        <span class=\"month-name\">Apr<\/span>\r\n\t\t\t\t\t\t\t\t<\/div>\r\n\t\t\t\t\t\t\t\t\t \t\t<div class=\"meta author\"><i class=\"glyph-icon flaticon-user-1\"><\/i> <span class=\"author\"> fsunk<\/span><\/div>\r\n\t\t\t\t\t\t\t\t \t\t<\/div>\r\n\t\t\t\t\t\t\t\t \t<\/div>\r\n\t\t\t\t\t\t\t\t<div class=\"bottom-shadow1 blog-meta \">\r\n\t\t\t\t\t\t\t\t\t\t<h3 class=\"blog-title\"><a href=\"https:\/\/fsunk-kos.org\/?post_type=post&p=3573\"> Al-Trade Center \u2013 sponsor gjeneral i Ligave Universitare <\/a><\/h3>\r\n\t\t\t\t\t\t\t\t\t\t<div class=\"blog-desc\">\r\n\t\t\t\t\t\t\t\tFederata e Sporteve Universitare t\u00eb Kosov\u00ebs ka n\u00ebnshkruar sot kontrat\u00eb me kompanin\u00eb Al \u2013 Trade Center, p\u00ebrmes s\u00eb cil\u00ebs Al \u2013...\r\n\t\t\t\t\t\t\t<\/div>\r\n\t\t\t\t\t\t\t\t\t\t<div class=\"blog-button\"><a href=\"https:\/\/fsunk-kos.org\/?post_type=post&#038;p=3573\">M\u00eb shum\u00eb<\/a><\/div>\r\n\t\t\t\t\t\t\t\t<\/div>\r\n\t\t\t\t\t\t\t<\/div><div class=\"blog-item col-lg-4 col-md-12 style2 \">\r\n\t\t\t\t\t\t\t\t\t<div class=\"blog-img image-scale\">\r\n\t\t\t\t\t\t\t\t\t\t<div class=\"image-wrap\"><a href=\"https:\/\/fsunk-kos.org\/?post_type=post&p=3553\"> <img width=\"945\" height=\"630\" src=\"https:\/\/fsunk-kos.org\/wp-content\/uploads\/2022\/03\/fsunk-mkrs-f.jpg\" class=\"attachment-post-thumbnail size-post-thumbnail wp-post-image\" alt=\"\" loading=\"lazy\" srcset=\"https:\/\/fsunk-kos.org\/wp-content\/uploads\/2022\/03\/fsunk-mkrs-f.jpg 945w, https:\/\/fsunk-kos.org\/wp-content\/uploads\/2022\/03\/fsunk-mkrs-f-300x200.jpg 300w, https:\/\/fsunk-kos.org\/wp-content\/uploads\/2022\/03\/fsunk-mkrs-f-768x512.jpg 768w\" sizes=\"(max-width: 945px) 100vw, 945px\" \/> <\/a><\/div>\r\n\t\t\t\t\t\t\t\t\t\t<div class=\"all-meta\">\r\n\t\t\t\t\t\t\t\t\t\t\t<div class=\"meta meta-date\">\r\n\t\t\t\t\t\t\t\t\t\t<span class=\"month-day\">31<\/span>\r\n                                        <span class=\"month-name\">Mar<\/span>\r\n\t\t\t\t\t\t\t\t<\/div>\r\n\t\t\t\t\t\t\t\t\t \t\t<div class=\"meta author\"><i class=\"glyph-icon flaticon-user-1\"><\/i> <span class=\"author\"> fsunk<\/span><\/div>\r\n\t\t\t\t\t\t\t\t \t\t<\/div>\r\n\t\t\t\t\t\t\t\t \t<\/div>\r\n\t\t\t\t\t\t\t\t<div class=\"bottom-shadow1 blog-meta \">\r\n\t\t\t\t\t\t\t\t\t\t<h3 class=\"blog-title\"><a href=\"https:\/\/fsunk-kos.org\/?post_type=post&p=3553\"> FSUNK-ja ka n\u00ebnshkruar sot memorandumin e radh\u00ebs t\u00eb bashk\u00ebpunimit me MKRS-n\u00eb <\/a><\/h3>\r\n\t\t\t\t\t\t\t\t\t\t<div class=\"blog-desc\">\r\n\t\t\t\t\t\t\t\tFSUNK-ja ka n\u00ebnshkruar sot memorandumin e radh\u00ebs t\u00eb bashk\u00ebpunimit me Ministrin\u00eb e Kultur\u00ebs, Rinis\u00eb dhe Sportit, me an\u00eb t\u00eb t\u00eb cilit...\r\n\t\t\t\t\t\t\t<\/div>\r\n\t\t\t\t\t\t\t\t\t\t<div class=\"blog-button\"><a href=\"https:\/\/fsunk-kos.org\/?post_type=post&#038;p=3553\">M\u00eb shum\u00eb<\/a><\/div>\r\n\t\t\t\t\t\t\t\t<\/div>\r\n\t\t\t\t\t\t\t<\/div><div class=\"blog-item col-lg-4 col-md-12 style2 \">\r\n\t\t\t\t\t\t\t\t\t<div class=\"blog-img image-scale\">\r\n\t\t\t\t\t\t\t\t\t\t<div class=\"image-wrap\"><a href=\"https:\/\/fsunk-kos.org\/?post_type=post&p=3242\"> <img width=\"1200\" height=\"630\" src=\"https:\/\/fsunk-kos.org\/wp-content\/uploads\/2021\/08\/23.jpeg\" class=\"attachment-post-thumbnail size-post-thumbnail wp-post-image\" alt=\"\" loading=\"lazy\" srcset=\"https:\/\/fsunk-kos.org\/wp-content\/uploads\/2021\/08\/23.jpeg 1200w, https:\/\/fsunk-kos.org\/wp-content\/uploads\/2021\/08\/23-300x158.jpeg 300w, https:\/\/fsunk-kos.org\/wp-content\/uploads\/2021\/08\/23-1024x538.jpeg 1024w, https:\/\/fsunk-kos.org\/wp-content\/uploads\/2021\/08\/23-768x403.jpeg 768w, https:\/\/fsunk-kos.org\/wp-content\/uploads\/2021\/08\/23-310x163.jpeg 310w, https:\/\/fsunk-kos.org\/wp-content\/uploads\/2021\/08\/23-60x32.jpeg 60w\" sizes=\"(max-width: 1200px) 100vw, 1200px\" \/> <\/a><\/div>\r\n\t\t\t\t\t\t\t\t\t\t<div class=\"all-meta\">\r\n\t\t\t\t\t\t\t\t\t\t\t<div class=\"meta meta-date\">\r\n\t\t\t\t\t\t\t\t\t\t<span class=\"month-day\">03<\/span>\r\n                                        <span class=\"month-name\">Aug<\/span>\r\n\t\t\t\t\t\t\t\t<\/div>\r\n\t\t\t\t\t\t\t\t\t \t\t<div class=\"meta author\"><i class=\"glyph-icon flaticon-user-1\"><\/i> <span class=\"author\"> fsunk<\/span><\/div>\r\n\t\t\t\t\t\t\t\t \t\t<\/div>\r\n\t\t\t\t\t\t\t\t \t<\/div>\r\n\t\t\t\t\t\t\t\t<div class=\"bottom-shadow1 blog-meta \">\r\n\t\t\t\t\t\t\t\t\t\t<h3 class=\"blog-title\"><a href=\"https:\/\/fsunk-kos.org\/?post_type=post&p=3242\"> Prishtina s\u00eb shpejti do t\u00eb jet\u00eb nikoqire e Kampionatit Bot\u00ebror p\u00ebr Universitete n\u00eb Hendboll 2022 &#8211; WUC2022 <\/a><\/h3>\r\n\t\t\t\t\t\t\t\t\t\t<div class=\"blog-desc\">\r\n\t\t\t\t\t\t\t\tPrishtina s\u00eb shpejti do t\u00eb jet\u00eb nikoqire e Kampionatit Bot\u00ebror p\u00ebr Universitete n\u00eb Hendboll 2022 \u2013 #WUC2022. P\u00ebr organizimin e tij,...\r\n\t\t\t\t\t\t\t<\/div>\r\n\t\t\t\t\t\t\t\t\t\t<div class=\"blog-button\"><a href=\"https:\/\/fsunk-kos.org\/?post_type=post&#038;p=3242\">M\u00eb shum\u00eb<\/a><\/div>\r\n\t\t\t\t\t\t\t\t<\/div>\r\n\t\t\t\t\t\t\t<\/div><div class=\"blog-item col-lg-4 col-md-12 style2 \">\r\n\t\t\t\t\t\t\t\t\t<div class=\"blog-img image-scale\">\r\n\t\t\t\t\t\t\t\t\t\t<div class=\"image-wrap\"><a href=\"https:\/\/fsunk-kos.org\/?post_type=post&p=2966\"> <img width=\"1200\" height=\"630\" src=\"https:\/\/fsunk-kos.org\/wp-content\/uploads\/2021\/05\/122.jpeg\" class=\"attachment-post-thumbnail size-post-thumbnail wp-post-image\" alt=\"\" loading=\"lazy\" srcset=\"https:\/\/fsunk-kos.org\/wp-content\/uploads\/2021\/05\/122.jpeg 1200w, https:\/\/fsunk-kos.org\/wp-content\/uploads\/2021\/05\/122-300x158.jpeg 300w, https:\/\/fsunk-kos.org\/wp-content\/uploads\/2021\/05\/122-1024x538.jpeg 1024w, https:\/\/fsunk-kos.org\/wp-content\/uploads\/2021\/05\/122-768x403.jpeg 768w, https:\/\/fsunk-kos.org\/wp-content\/uploads\/2021\/05\/122-310x163.jpeg 310w, https:\/\/fsunk-kos.org\/wp-content\/uploads\/2021\/05\/122-60x32.jpeg 60w\" sizes=\"(max-width: 1200px) 100vw, 1200px\" \/> <\/a><\/div>\r\n\t\t\t\t\t\t\t\t\t\t<div class=\"all-meta\">\r\n\t\t\t\t\t\t\t\t\t\t\t<div class=\"meta meta-date\">\r\n\t\t\t\t\t\t\t\t\t\t<span class=\"month-day\">07<\/span>\r\n                                        <span class=\"month-name\">May<\/span>\r\n\t\t\t\t\t\t\t\t<\/div>\r\n\t\t\t\t\t\t\t\t\t \t\t<div class=\"meta author\"><i class=\"glyph-icon flaticon-user-1\"><\/i> <span class=\"author\"> fsunk<\/span><\/div>\r\n\t\t\t\t\t\t\t\t \t\t<\/div>\r\n\t\t\t\t\t\t\t\t \t<\/div>\r\n\t\t\t\t\t\t\t\t<div class=\"bottom-shadow1 blog-meta \">\r\n\t\t\t\t\t\t\t\t\t\t<h3 class=\"blog-title\"><a href=\"https:\/\/fsunk-kos.org\/?post_type=post&p=2966\"> FSUNK ka formalizuar sot bashk\u00ebpunimin e kahersh\u00ebm me Fakultetin e Edukimit Fizik dhe Sportit t\u00eb Universitetit t\u00eb Prishtin\u00ebs \u201cHasan Prishtina\u201d <\/a><\/h3>\r\n\t\t\t\t\t\t\t\t\t\t<div class=\"blog-desc\">\r\n\t\t\t\t\t\t\t\tFederata e Sporteve Universitare e Kosov\u00ebs ka formalizuar sot bashk\u00ebpunimin e kahersh\u00ebm m\u00eb Fakultetin e Edukimit Fizik dhe Sportit t\u00eb Universitetit...\r\n\t\t\t\t\t\t\t<\/div>\r\n\t\t\t\t\t\t\t\t\t\t<div class=\"blog-button\"><a href=\"https:\/\/fsunk-kos.org\/?post_type=post&#038;p=2966\">M\u00eb shum\u00eb<\/a><\/div>\r\n\t\t\t\t\t\t\t\t<\/div>\r\n\t\t\t\t\t\t\t<\/div><\/div><div class=\"pagination-area\"><div class=\"nav-links\"><span aria-current=\"page\" class=\"page-numbers current\">1<\/span>\n<a class=\"page-numbers\" href=\"https:\/\/fsunk-kos.org\/index.php\/wp-json\/wp\/v2\/pages\/1372\/page\/2\/\">2<\/a>\n<a class=\"next page-numbers\" href=\"https:\/\/fsunk-kos.org\/index.php\/wp-json\/wp\/v2\/pages\/1372\/page\/2\/\">Next &raquo;<\/a><\/div><\/div><\/div>[\/vc_column][\/vc_row]<\/p>\n","protected":false},"excerpt":{"rendered":"<p>[vc_row css=&#8221;.vc_custom_1558762807481{padding-top: 100px !important;padding-bottom: 110px !important;}&#8221;][vc_column][\/vc_column]&#8230;<\/p>\n","protected":false},"author":1,"featured_media":0,"parent":0,"menu_order":0,"comment_status":"closed","ping_status":"closed","template":"","meta":{"ngg_post_thumbnail":0},"_links":{"self":[{"href":"https:\/\/fsunk-kos.org\/index.php\/wp-json\/wp\/v2\/pages\/1372"}],"collection":[{"href":"https:\/\/fsunk-kos.org\/index.php\/wp-json\/wp\/v2\/pages"}],"about":[{"href":"https:\/\/fsunk-kos.org\/index.php\/wp-json\/wp\/v2\/types\/page"}],"author":[{"embeddable":true,"href":"https:\/\/fsunk-kos.org\/index.php\/wp-json\/wp\/v2\/users\/1"}],"replies":[{"embeddable":true,"href":"https:\/\/fsunk-kos.org\/index.php\/wp-json\/wp\/v2\/comments?post=1372"}],"version-history":[{"count":3,"href":"https:\/\/fsunk-kos.org\/index.php\/wp-json\/wp\/v2\/pages\/1372\/revisions"}],"predecessor-version":[{"id":2679,"href":"https:\/\/fsunk-kos.org\/index.php\/wp-json\/wp\/v2\/pages\/1372\/revisions\/2679"}],"wp:attachment":[{"href":"https:\/\/fsunk-kos.org\/index.php\/wp-json\/wp\/v2\/media?parent=1372"}],"curies":[{"name":"wp","href":"https:\/\/api.w.org\/{rel}","templated":true}]}}