{"id":10,"date":"2019-04-13T06:21:31","date_gmt":"2019-04-13T06:21:31","guid":{"rendered":"http:\/\/192.168.0.110\/sports\/?page_id=10"},"modified":"2022-05-21T15:48:43","modified_gmt":"2022-05-21T13:48:43","slug":"about","status":"publish","type":"page","link":"https:\/\/fsunk-kos.org\/index.php\/about\/","title":{"rendered":"Fsunk"},"content":{"rendered":"<p>[vc_row full_width=&#8221;stretch_row&#8221; equal_height=&#8221;yes&#8221; content_placement=&#8221;middle&#8221; css=&#8221;.vc_custom_1560161656174{padding-top: 100px !important;padding-bottom: 64px !important;background-position: center !important;background-repeat: no-repeat !important;background-size: cover !important;}&#8221; el_class=&#8221;fixture-views&#8221;][vc_column css=&#8221;.vc_custom_1557908472510{padding-top: 0px !important;padding-bottom: 0px !important;}&#8221;][vc_row_inner equal_height=&#8221;yes&#8221; content_placement=&#8221;middle&#8221; css=&#8221;.vc_custom_1560153296232{padding-top: 0px !important;padding-bottom: 0px !important;}&#8221;][vc_column_inner width=&#8221;5\/12&#8243; css=&#8221;.vc_custom_1557908404124{padding-top: 0px !important;padding-bottom: 0px !important;background-position: center !important;background-repeat: no-repeat !important;background-size: cover !important;}&#8221;][vc_single_image image=&#8221;2005&#8243; img_size=&#8221;full&#8221;][\/vc_column_inner][vc_column_inner width=&#8221;7\/12&#8243; css=&#8221;.vc_custom_1557734622756{padding-left: 40px !important;}&#8221;]\r\n        <div class=\"rs-heading style2   \">\r\n        \t<div class=\"title-inner \">\r\n        \t\t       \t\t\r\n\t            <span style=\"color: #111111\" class=\"sub-text \">Federata e Sporteve Universitare e Kosov\u00ebs<\/span>\r\n\t            <h2 class=\"title title-upper\" style=\"color: #111111\">FSUNK<\/h2> <span class=\"lines-bg\"><\/span>\r\n\t            <div class=\"title-img bottom-img\"><\/div>\r\n\t        <\/div><div class=\"description\"  style=\"color: #111111\">Federata e Sporteve Universitare e Kosov\u00ebs (n\u00eb tekstin e m\u00ebtejm\u00eb:FSUNK) \u00ebsht\u00eb organizat\u00eb joqeveritare, jopolitike dhe jofitimprur\u00ebse q\u00eb bashkon Shoqatat\/Organizatat sportive t\u00eb themeluara p\u00ebr ushtrimin e veprimtaris\u00eb sportive n\u00eb Universitetet dhe<br \/>\nKolegjet dhe Akademit\u00eb e akredituara n\u00eb Agjencionin Kosovar t\u00eb Akreditimit n\u00eb Republik\u00ebn e Kosov\u00ebs.\n<p>N\u00eb Federat\u00ebn e Sporteve Universitare t\u00eb Kosov\u00ebs, n\u00eb baza vullnetare bashkohen Shoqatat\/organizatat sportive studentore p\u00ebr realizimin e q\u00ebllimeve t\u00eb p\u00ebrbashk\u00ebta dhe interesave t\u00eb p\u00ebrbashk\u00ebta n\u00eb fush\u00ebn e sportit p\u00ebr komunitetin e student\u00ebve n\u00eb Republik\u00ebn e Kosov\u00ebs, t\u00eb cilat rregullohen me k\u00ebt\u00eb Statut dhe t\u00eb cil\u00ebt pranojn\u00eb rregullat dhe programet e FSUNK, t\u00eb Asociacionit t\u00eb Sporteve Universitare t\u00eb Evrop\u00ebs (n\u00eb tekstin e m\u00ebtejm\u00eb:EUSA) dhe t\u00eb Federat\u00ebs s\u00eb Sporteve Universitare Nd\u00ebrkomb\u00ebtare (n\u00eb tekstin e m\u00ebtejm\u00eb: FISU)<\/p>\n<ul>\n<li>M\u00eb dat\u00ebn 17 Gusht 2017, Federata e Sporteve Universitare e Kosov\u00ebs, pranohet me t\u00eb drejta t\u00eb plota si an\u00ebtarja m\u00eb e re n\u00eb Federat\u00ebn e Sporteve Universitare Nd\u00ebrkomb\u00ebtare (FISU).<\/li>\n<\/ul>\n<p>FSUNK, \u00ebsht\u00eb an\u00ebtare e Komitetit Olimpik t\u00eb Kosov\u00ebs (n\u00eb tekstin e m\u00ebtejm\u00eb:KOK), an\u00ebtare e FISU dhe e EUSA.<br \/>\nFSUNK, i respekton dhe i zbaton rregullat e KOK, t\u00eb FISU dhe EUSA, por edhe e ruanautonomin\u00eb e saj nga t\u00eb gjitha ndikimet politike, religjioze ose t\u00eb karakterit ekonomik, t\u00eb cilat mund ta pengojn\u00eb FSUNK, q\u00eb veprimtaria e saj t\u00eb jet\u00eb n\u00eb pajtim me rregullat e KOK, t\u00eb FISU dhe t\u00eb EUSA dhe Ligjit p\u00ebr Sportin n\u00eb Kosov\u00eb.<\/p>\n<p><b><i>FISU <\/i><\/b>\u00ebsht\u00eb themeluar me q\u00ebllim t\u00eb promovimit t\u00eb vlerave t\u00eb sportit dhe praktikimin e sportit n\u00eb harmoni me jet\u00ebn studentore.<\/p><\/div><\/div>[\/vc_column_inner][\/vc_row_inner][\/vc_column][\/vc_row][vc_row full_width=&#8221;stretch_row&#8221; disable_element=&#8221;yes&#8221; css=&#8221;.vc_custom_1573854025245{padding-top: 41px !important;padding-bottom: 92px !important;background-image: url(https:\/\/rstheme.com\/products\/wordpress\/khelo\/wp-content\/uploads\/2019\/05\/bg1.jpg?id=811) !important;background-position: center !important;background-repeat: no-repeat !important;background-size: cover !important;}&#8221;][vc_column width=&#8221;1\/4&#8243;]\n    <div class=\"counter-top-area  style1 left \"   >\n\n    <div class=\"rs-counter-list\">\n        \n    <div class=\"count-text\"><div style=\"margin-top:15px; margin-bottom:10px; color:#fbc02d\" class=\"count-number\">\n    <span style=\"font-size:60px; line-height:60px; color:#fbc02d\" class=\"rs-counter\"> 350<\/span> <span style=\"color:#fbc02d\"><span style=\"font-size:60px; line-height:60px\">+<\/span><\/span><\/div>         \n        <h3  style=\"color: #ffffff\"><span  style=\"font-size: 22px; line-height: 22px!important\">Total Matches<\/span><\/h3><\/div>\n    <\/div><\/div>[\/vc_column][vc_column width=&#8221;1\/4&#8243;]\n    <div class=\"counter-top-area  style1 left \"   >\n\n    <div class=\"rs-counter-list\">\n        \n    <div class=\"count-text\"><div style=\"margin-top:15px; margin-bottom:10px; color:#fbc02d\" class=\"count-number\">\n    <span style=\"font-size:60px; line-height:60px; color:#fbc02d\" class=\"rs-counter\"> 25<\/span> <span style=\"color:#fbc02d\"><span style=\"font-size:60px; line-height:60px\">+<\/span><\/span><\/div>         \n        <h3  style=\"color: #ffffff\"><span  style=\"font-size: 22px; line-height: 22px!important\">TOTAL TRAINERS<\/span><\/h3><\/div>\n    <\/div><\/div>[\/vc_column][vc_column width=&#8221;1\/4&#8243;]\n    <div class=\"counter-top-area  style1 left \"   >\n\n    <div class=\"rs-counter-list\">\n        \n    <div class=\"count-text\"><div style=\"margin-top:15px; margin-bottom:10px; color:#fbc02d\" class=\"count-number\">\n    <span style=\"font-size:60px; line-height:60px; color:#fbc02d\" class=\"rs-counter\"> 95<\/span> <span style=\"color:#fbc02d\"><span style=\"font-size:60px; line-height:60px\">+<\/span><\/span><\/div>         \n        <h3  style=\"color: #ffffff\"><span  style=\"font-size: 22px; line-height: 22px!important\">TOTAL PLAYERS<\/span><\/h3><\/div>\n    <\/div><\/div>[\/vc_column][vc_column width=&#8221;1\/4&#8243;]\n    <div class=\"counter-top-area  style1 left \"   >\n\n    <div class=\"rs-counter-list\">\n        \n    <div class=\"count-text\"><div style=\"margin-top:15px; margin-bottom:10px; color:#fbc02d\" class=\"count-number\">\n    <span style=\"font-size:60px; line-height:60px; color:#fbc02d\" class=\"rs-counter\"> 26<\/span> <span style=\"color:#fbc02d\"><span style=\"font-size:60px; line-height:60px\">+<\/span><\/span><\/div>         \n        <h3  style=\"color: #ffffff\"><span  style=\"font-size: 22px; line-height: 22px!important\">TOTAL AWARDS<\/span><\/h3><\/div>\n    <\/div><\/div>[\/vc_column][\/vc_row][vc_row disable_element=&#8221;yes&#8221; css=&#8221;.vc_custom_1573854052772{padding-top: 54px !important;padding-bottom: 100px !important;}&#8221;][vc_column]\r\n        <div class=\"rs-heading style2   text-center\">\r\n        \t<div class=\"title-inner \">\r\n        \t\t       \t\t\r\n\t            \r\n\t            <h2 class=\"title title-upper\">Team Player<\/h2> <span class=\"lines-bg\"><\/span>\r\n\t            <div class=\"title-img bottom-img\"><\/div>\r\n\t        <\/div><\/div>\r\n<div class=\"rs-players-slider players-style2   hide_details_palyer\">\r\n    <div class=\"team-carousel owl-carousel owl-navigation-yes\" data-carousel-options=\"{&quot;nav&quot;:false,&quot;navText&quot;:[&quot;&lt;i class=&#039;glyph-icon flaticon-back-2&#039;&gt;&lt;\\\/i&gt;&quot;,&quot;&lt;i class=&#039;glyph-icon flaticon-arrow&#039;&gt;&lt;\\\/i&gt;&quot;],&quot;dots&quot;:false,&quot;autoplay&quot;:true,&quot;autoplayTimeout&quot;:&quot;5000&quot;,&quot;autoplaySpeed&quot;:&quot;200&quot;,&quot;autoplayHoverPause&quot;:true,&quot;loop&quot;:true,&quot;margin&quot;:30,&quot;responsive&quot;:{&quot;0&quot;:{&quot;items&quot;:&quot;1&quot;},&quot;480&quot;:{&quot;items&quot;:&quot;2&quot;},&quot;768&quot;:{&quot;items&quot;:&quot;2&quot;},&quot;992&quot;:{&quot;items&quot;:&quot;3&quot;},&quot;1200&quot;:{&quot;items&quot;:&quot;3&quot;}}}\">\r\n\r\n        \r\n        <div class=\"player-item\">\r\n            <div class=\"player-img\">\r\n                <img width=\"1440\" height=\"1802\" src=\"https:\/\/fsunk-kos.org\/wp-content\/uploads\/2026\/01\/Loresa-Imeri.jpg\" class=\"attachment-post-thumbnail size-post-thumbnail wp-post-image\" alt=\"\" loading=\"lazy\" srcset=\"https:\/\/fsunk-kos.org\/wp-content\/uploads\/2026\/01\/Loresa-Imeri.jpg 1440w, https:\/\/fsunk-kos.org\/wp-content\/uploads\/2026\/01\/Loresa-Imeri-240x300.jpg 240w, https:\/\/fsunk-kos.org\/wp-content\/uploads\/2026\/01\/Loresa-Imeri-818x1024.jpg 818w, https:\/\/fsunk-kos.org\/wp-content\/uploads\/2026\/01\/Loresa-Imeri-768x961.jpg 768w, https:\/\/fsunk-kos.org\/wp-content\/uploads\/2026\/01\/Loresa-Imeri-1227x1536.jpg 1227w, https:\/\/fsunk-kos.org\/wp-content\/uploads\/2026\/01\/Loresa-Imeri-400x500.jpg 400w\" sizes=\"(max-width: 1440px) 100vw, 1440px\" \/>            <\/div>\r\n            <div class=\"detail-wrap\">\r\n                <div class=\"person-details\">\r\n                    \r\n                    <h3 class=\"player-title\">\r\n                        <span class=\"squad-numbers\"><\/span> \r\n                            <a href=\"https:\/\/fsunk-kos.org\/index.php\/players\/loresa-imeri\/\">Loresa Imeri<\/a>\r\n                        <span class=\"player-position\"><\/span> \r\n                    <\/h3>\r\n                <\/div>\r\n            <\/div>\r\n        <\/div>\r\n        \r\n        <div class=\"player-item\">\r\n            <div class=\"player-img\">\r\n                <img width=\"1152\" height=\"1440\" src=\"https:\/\/fsunk-kos.org\/wp-content\/uploads\/2026\/01\/Uran-Bala.jpg\" class=\"attachment-post-thumbnail size-post-thumbnail wp-post-image\" alt=\"\" loading=\"lazy\" srcset=\"https:\/\/fsunk-kos.org\/wp-content\/uploads\/2026\/01\/Uran-Bala.jpg 1152w, https:\/\/fsunk-kos.org\/wp-content\/uploads\/2026\/01\/Uran-Bala-240x300.jpg 240w, https:\/\/fsunk-kos.org\/wp-content\/uploads\/2026\/01\/Uran-Bala-819x1024.jpg 819w, https:\/\/fsunk-kos.org\/wp-content\/uploads\/2026\/01\/Uran-Bala-768x960.jpg 768w, https:\/\/fsunk-kos.org\/wp-content\/uploads\/2026\/01\/Uran-Bala-400x500.jpg 400w\" sizes=\"(max-width: 1152px) 100vw, 1152px\" \/>            <\/div>\r\n            <div class=\"detail-wrap\">\r\n                <div class=\"person-details\">\r\n                    \r\n                    <h3 class=\"player-title\">\r\n                        <span class=\"squad-numbers\"><\/span> \r\n                            <a href=\"https:\/\/fsunk-kos.org\/index.php\/players\/uran-bala\/\">Uran Bala<\/a>\r\n                        <span class=\"player-position\"><\/span> \r\n                    <\/h3>\r\n                <\/div>\r\n            <\/div>\r\n        <\/div>\r\n        \r\n        <div class=\"player-item\">\r\n            <div class=\"player-img\">\r\n                <img width=\"512\" height=\"640\" src=\"https:\/\/fsunk-kos.org\/wp-content\/uploads\/2026\/01\/Rinor-Shala.jpg\" class=\"attachment-post-thumbnail size-post-thumbnail wp-post-image\" alt=\"\" loading=\"lazy\" srcset=\"https:\/\/fsunk-kos.org\/wp-content\/uploads\/2026\/01\/Rinor-Shala.jpg 512w, https:\/\/fsunk-kos.org\/wp-content\/uploads\/2026\/01\/Rinor-Shala-240x300.jpg 240w, https:\/\/fsunk-kos.org\/wp-content\/uploads\/2026\/01\/Rinor-Shala-400x500.jpg 400w\" sizes=\"(max-width: 512px) 100vw, 512px\" \/>            <\/div>\r\n            <div class=\"detail-wrap\">\r\n                <div class=\"person-details\">\r\n                    \r\n                    <h3 class=\"player-title\">\r\n                        <span class=\"squad-numbers\"><\/span> \r\n                            <a href=\"https:\/\/fsunk-kos.org\/index.php\/players\/rinor-shala\/\">Rinor Shala<\/a>\r\n                        <span class=\"player-position\"><\/span> \r\n                    <\/h3>\r\n                <\/div>\r\n            <\/div>\r\n        <\/div>\r\n        \r\n        <div class=\"player-item\">\r\n            <div class=\"player-img\">\r\n                <img width=\"720\" height=\"900\" src=\"https:\/\/fsunk-kos.org\/wp-content\/uploads\/2026\/01\/Kreshnik-Mahmuti-e1769437654946.jpg\" class=\"attachment-post-thumbnail size-post-thumbnail wp-post-image\" alt=\"\" loading=\"lazy\" \/>            <\/div>\r\n            <div class=\"detail-wrap\">\r\n                <div class=\"person-details\">\r\n                    \r\n                    <h3 class=\"player-title\">\r\n                        <span class=\"squad-numbers\"><\/span> \r\n                            <a href=\"https:\/\/fsunk-kos.org\/index.php\/players\/kreshnik-mahmuti\/\">Kreshnik Mahmuti<\/a>\r\n                        <span class=\"player-position\"><\/span> \r\n                    <\/h3>\r\n                <\/div>\r\n            <\/div>\r\n        <\/div>\r\n        \r\n        <div class=\"player-item\">\r\n            <div class=\"player-img\">\r\n                <img width=\"1152\" height=\"1440\" src=\"https:\/\/fsunk-kos.org\/wp-content\/uploads\/2026\/01\/Rinesa-Saraqi.jpg\" class=\"attachment-post-thumbnail size-post-thumbnail wp-post-image\" alt=\"\" loading=\"lazy\" srcset=\"https:\/\/fsunk-kos.org\/wp-content\/uploads\/2026\/01\/Rinesa-Saraqi.jpg 1152w, https:\/\/fsunk-kos.org\/wp-content\/uploads\/2026\/01\/Rinesa-Saraqi-240x300.jpg 240w, https:\/\/fsunk-kos.org\/wp-content\/uploads\/2026\/01\/Rinesa-Saraqi-819x1024.jpg 819w, https:\/\/fsunk-kos.org\/wp-content\/uploads\/2026\/01\/Rinesa-Saraqi-768x960.jpg 768w, https:\/\/fsunk-kos.org\/wp-content\/uploads\/2026\/01\/Rinesa-Saraqi-400x500.jpg 400w\" sizes=\"(max-width: 1152px) 100vw, 1152px\" \/>            <\/div>\r\n            <div class=\"detail-wrap\">\r\n                <div class=\"person-details\">\r\n                    \r\n                    <h3 class=\"player-title\">\r\n                        <span class=\"squad-numbers\"><\/span> \r\n                            <a href=\"https:\/\/fsunk-kos.org\/index.php\/players\/rinesa-saraci\/\">Rinesa Sara\u00e7i<\/a>\r\n                        <span class=\"player-position\"><\/span> \r\n                    <\/h3>\r\n                <\/div>\r\n            <\/div>\r\n        <\/div>\r\n        \r\n        <div class=\"player-item\">\r\n            <div class=\"player-img\">\r\n                <img width=\"1152\" height=\"1440\" src=\"https:\/\/fsunk-kos.org\/wp-content\/uploads\/2026\/01\/Ahmet-Isufi.jpg\" class=\"attachment-post-thumbnail size-post-thumbnail wp-post-image\" alt=\"\" loading=\"lazy\" srcset=\"https:\/\/fsunk-kos.org\/wp-content\/uploads\/2026\/01\/Ahmet-Isufi.jpg 1152w, https:\/\/fsunk-kos.org\/wp-content\/uploads\/2026\/01\/Ahmet-Isufi-240x300.jpg 240w, https:\/\/fsunk-kos.org\/wp-content\/uploads\/2026\/01\/Ahmet-Isufi-819x1024.jpg 819w, https:\/\/fsunk-kos.org\/wp-content\/uploads\/2026\/01\/Ahmet-Isufi-768x960.jpg 768w, https:\/\/fsunk-kos.org\/wp-content\/uploads\/2026\/01\/Ahmet-Isufi-400x500.jpg 400w\" sizes=\"(max-width: 1152px) 100vw, 1152px\" \/>            <\/div>\r\n            <div class=\"detail-wrap\">\r\n                <div class=\"person-details\">\r\n                    \r\n                    <h3 class=\"player-title\">\r\n                        <span class=\"squad-numbers\"><\/span> \r\n                            <a href=\"https:\/\/fsunk-kos.org\/index.php\/players\/ahmet-isufi\/\">Ahmet Isufi<\/a>\r\n                        <span class=\"player-position\"><\/span> \r\n                    <\/h3>\r\n                <\/div>\r\n            <\/div>\r\n        <\/div>\r\n            <\/div>    \r\n<\/div>\r\n[\/vc_column][\/vc_row][vc_row full_width=&#8221;stretch_row&#8221; disable_element=&#8221;yes&#8221; css=&#8221;.vc_custom_1573854077501{padding-top: 65px !important;padding-bottom: 100px !important;background-image: url(https:\/\/rstheme.com\/products\/wordpress\/khelo\/wp-content\/uploads\/2019\/04\/slider.jpg?id=631) !important;background-position: center !important;background-repeat: no-repeat !important;background-size: cover !important;}&#8221;][vc_column][vc_row_inner][vc_column_inner]\r\n        <div class=\"rs-heading style2 light   text-center\">\r\n        \t<div class=\"title-inner \">\r\n        \t\t       \t\t\r\n\t            \r\n\t            <h4 class=\"title title-upper\" style=\"color: #ffffff\">Champion Awards<\/h4> <span class=\"lines-bg\"><\/span>\r\n\t            <div class=\"title-img bottom-img\"><\/div>\r\n\t        <\/div><\/div><div class=\"award-section\">\r\n    \t\t\t<div class=\"award-carourel owl-carousel owl-navigation-yes\" data-award-options=\"{&quot;nav&quot;:false,&quot;navText&quot;:[&quot;&lt;i class=&#039;fa fa-angle-left&#039;&gt;&lt;\\\/i&gt;&quot;,&quot;&lt;i class=&#039;fa fa-angle-right&#039;&gt;&lt;\\\/i&gt;&quot;],&quot;dots&quot;:false,&quot;autoplay&quot;:true,&quot;autoplayTimeout&quot;:&quot;5000&quot;,&quot;autoplaySpeed&quot;:&quot;200&quot;,&quot;autoplayHoverPause&quot;:true,&quot;loop&quot;:true,&quot;margin&quot;:30,&quot;items&quot;:4,&quot;responsive&quot;:{&quot;0&quot;:{&quot;items&quot;:&quot;1&quot;},&quot;480&quot;:{&quot;items&quot;:&quot;2&quot;},&quot;768&quot;:{&quot;items&quot;:&quot;2&quot;},&quot;992&quot;:{&quot;items&quot;:&quot;4&quot;},&quot;1200&quot;:{&quot;items&quot;:&quot;4&quot;}}}\"><\/div>\r\n\t\t<\/div>[\/vc_column_inner][\/vc_row_inner][\/vc_column][\/vc_row][vc_row full_width=&#8221;stretch_row&#8221; css=&#8221;.vc_custom_1559030718331{padding-top: 55px !important;padding-bottom: 192px !important;}&#8221; el_class=&#8221;fixture-views&#8221;][vc_column]\r\n        <div class=\"rs-heading style2   text-center\">\r\n        \t<div class=\"title-inner \">\r\n        \t\t       \t\t\r\n\t            \r\n\t            <h2 class=\"title title-upper\">TAKIME DHE MARR\u00cbVESHJE<\/h2> <span class=\"lines-bg\"><\/span>\r\n\t            <div class=\"title-img bottom-img\"><\/div>\r\n\t        <\/div><\/div>[vc_media_grid element_width=&#8221;2&#8243; grid_id=&#8221;vc_gid:1653140795282-7546679d741d71a9c6bb9d13ae396048-6&#8243; include=&#8221;3574,3554,3352,2651,2587,2556,2547,2546,2124,2123,2122,2120&#8243;]\r\n        <div class=\"rs-heading style2   text-center\">\r\n        \t<div class=\"title-inner \">\r\n        \t\t       \t\t\r\n\t            \r\n\t            <h2 class=\"title title-upper\">AN\u00cbTAR\u00cbT<\/h2> <span class=\"lines-bg\"><\/span>\r\n\t            <div class=\"title-img bottom-img\"><\/div>\r\n\t        <\/div><\/div>[vc_column_text]\n\t\t<style>\n\t\t\t#wpls-logo-showcase-slider-1 .wpls-fix-box,\n\t\t\t#wpls-logo-showcase-slider-1 .wpls-fix-box img.wp-post-image{max-height:250px; }\n\t\t<\/style>\n\n\t\t<div class=\"wpls-wrap wpls-logo-showcase-slider-wrp wpls-logo-clearfix wpls-design-1 \" data-conf=\"{&quot;slides_column&quot;:&quot;7&quot;,&quot;slides_scroll&quot;:1,&quot;dots&quot;:&quot;true&quot;,&quot;arrows&quot;:&quot;true&quot;,&quot;autoplay&quot;:&quot;true&quot;,&quot;autoplay_interval&quot;:3000,&quot;loop&quot;:&quot;true&quot;,&quot;rtl&quot;:&quot;false&quot;,&quot;speed&quot;:800,&quot;center_mode&quot;:&quot;true&quot;,&quot;lazyload&quot;:&quot;&quot;}\">\n\t\t\t<div class=\"wpls-logo-showcase logo_showcase wpls-logo-slider wpls-center sliderimage_hide_border \" id=\"wpls-logo-showcase-slider-1\" >\n\t\t\t\t<div class=\"wpls-logo-cnt\">\n\t<div class=\"wpls-fix-box\">\n\t\t\t\t<a href=\"https:\/\/uni-pr.edu\/\" target=\"_self\">\n\t\t\t<img class=\"wp-post-image\"  src=\"https:\/\/fsunk-kos.org\/wp-content\/uploads\/2022\/04\/UP-1.png\" alt=\"\" \/>\n\t\t<\/a>\n\t\t\t<\/div>\n\t<\/div><div class=\"wpls-logo-cnt\">\n\t<div class=\"wpls-fix-box\">\n\t\t\t\t<a href=\"https:\/\/www.uni-prizren.com\/\" target=\"_self\">\n\t\t\t<img class=\"wp-post-image\"  src=\"https:\/\/fsunk-kos.org\/wp-content\/uploads\/2022\/04\/Universiteti-i-Prizrenit-2-1.png\" alt=\"\" \/>\n\t\t<\/a>\n\t\t\t<\/div>\n\t<\/div><div class=\"wpls-logo-cnt\">\n\t<div class=\"wpls-fix-box\">\n\t\t\t\t<a href=\"https:\/\/unhz.eu\/\" target=\"_self\">\n\t\t\t<img class=\"wp-post-image\"  src=\"https:\/\/fsunk-kos.org\/wp-content\/uploads\/2022\/04\/Universiteti-i-pejes-3.png\" alt=\"\" \/>\n\t\t<\/a>\n\t\t\t<\/div>\n\t<\/div><div class=\"wpls-logo-cnt\">\n\t<div class=\"wpls-fix-box\">\n\t\t\t\t<a href=\"https:\/\/uni-gjk.org\/al\" target=\"_self\">\n\t\t\t<img class=\"wp-post-image\"  src=\"https:\/\/fsunk-kos.org\/wp-content\/uploads\/2022\/04\/Universiteti-i-Gjakoves-4.png\" alt=\"\" \/>\n\t\t<\/a>\n\t\t\t<\/div>\n\t<\/div><div class=\"wpls-logo-cnt\">\n\t<div class=\"wpls-fix-box\">\n\t\t\t\t<a href=\"https:\/\/www.ushaf.net\/\" target=\"_self\">\n\t\t\t<img class=\"wp-post-image\"  src=\"https:\/\/fsunk-kos.org\/wp-content\/uploads\/2022\/04\/Universiteteti-i-Ferizajt-5.png\" alt=\"\" \/>\n\t\t<\/a>\n\t\t\t<\/div>\n\t<\/div><div class=\"wpls-logo-cnt\">\n\t<div class=\"wpls-fix-box\">\n\t\t\t\t<a href=\"https:\/\/www.ubt-uni.net\/sq\/ballina\/\" target=\"_self\">\n\t\t\t<img class=\"wp-post-image\"  src=\"https:\/\/fsunk-kos.org\/wp-content\/uploads\/2022\/04\/UBT-1.png\" alt=\"\" \/>\n\t\t<\/a>\n\t\t\t<\/div>\n\t<\/div><div class=\"wpls-logo-cnt\">\n\t<div class=\"wpls-fix-box\">\n\t\t\t\t<a href=\"https:\/\/aab-edu.net\/\" target=\"_self\">\n\t\t\t<img class=\"wp-post-image\"  src=\"https:\/\/fsunk-kos.org\/wp-content\/uploads\/2022\/04\/AAB-2.png\" alt=\"\" \/>\n\t\t<\/a>\n\t\t\t<\/div>\n\t<\/div><div class=\"wpls-logo-cnt\">\n\t<div class=\"wpls-fix-box\">\n\t\t\t\t<a href=\"https:\/\/kolegjiuniversi-edu.net\/\" target=\"_self\">\n\t\t\t<img class=\"wp-post-image\"  src=\"https:\/\/fsunk-kos.org\/wp-content\/uploads\/2022\/04\/Kolegji-Universi-3.png\" alt=\"\" \/>\n\t\t<\/a>\n\t\t\t<\/div>\n\t<\/div><div class=\"wpls-logo-cnt\">\n\t<div class=\"wpls-fix-box\">\n\t\t\t\t<a href=\"https:\/\/uni-gjilan.net\" target=\"_self\">\n\t\t\t<img class=\"wp-post-image\"  src=\"https:\/\/fsunk-kos.org\/wp-content\/uploads\/2024\/10\/Uni._Gjilanit1.png\" alt=\"\" \/>\n\t\t<\/a>\n\t\t\t<\/div>\n\t<\/div><div class=\"wpls-logo-cnt\">\n\t<div class=\"wpls-fix-box\">\n\t\t\t\t<a href=\"https:\/\/www.umib.net\/\" target=\"_self\">\n\t\t\t<img class=\"wp-post-image\"  src=\"https:\/\/fsunk-kos.org\/wp-content\/uploads\/2025\/05\/IB-e1746431992996.png\" alt=\"\" \/>\n\t\t<\/a>\n\t\t\t<\/div>\n\t<\/div>\t\t\t<\/div>\n\t\t<\/div>\n\n\t\t[\/vc_column_text][\/vc_column][\/vc_row]<\/p>\n","protected":false},"excerpt":{"rendered":"<p>[vc_row full_width=&#8221;stretch_row&#8221; equal_height=&#8221;yes&#8221; content_placement=&#8221;middle&#8221; css=&#8221;.vc_custom_1560161656174{padding-top: 100px !important;padding-bottom: 64px !important;background-position: center !important;background-repeat: no-repeat !important;background-size: cover !important;}&#8221; el_class=&#8221;fixture-views&#8221;][vc_column css=&#8221;.vc_custom_1557908472510{padding-top: 0px !important;padding-bottom: 0px !important;}&#8221;][vc_row_inner equal_height=&#8221;yes&#8221; content_placement=&#8221;middle&#8221; css=&#8221;.vc_custom_1560153296232{padding-top: 0px !important;padding-bottom: 0px !important;}&#8221;][vc_column_inner width=&#8221;5\/12&#8243; css=&#8221;.vc_custom_1557908404124{padding-top: 0px !important;padding-bottom: 0px !important;background-position: center !important;background-repeat: no-repeat !important;background-size: cover !important;}&#8221;][vc_single_image image=&#8221;2005&#8243; img_size=&#8221;full&#8221;][\/vc_column_inner][vc_column_inner width=&#8221;7\/12&#8243; css=&#8221;.vc_custom_1557734622756{padding-left: 40px !important;}&#8221;][\/vc_column_inner][\/vc_row_inner][\/vc_column][\/vc_row][vc_row full_width=&#8221;stretch_row&#8221; disable_element=&#8221;yes&#8221; css=&#8221;.vc_custom_1573854025245{padding-top: 41px !important;padding-bottom: 92px !important;background-image: url(https:\/\/rstheme.com\/products\/wordpress\/khelo\/wp-content\/uploads\/2019\/05\/bg1.jpg?id=811) !important;background-position:&#8230;<\/p>\n","protected":false},"author":1,"featured_media":0,"parent":0,"menu_order":0,"comment_status":"closed","ping_status":"closed","template":"","meta":{"ngg_post_thumbnail":0},"_links":{"self":[{"href":"https:\/\/fsunk-kos.org\/index.php\/wp-json\/wp\/v2\/pages\/10"}],"collection":[{"href":"https:\/\/fsunk-kos.org\/index.php\/wp-json\/wp\/v2\/pages"}],"about":[{"href":"https:\/\/fsunk-kos.org\/index.php\/wp-json\/wp\/v2\/types\/page"}],"author":[{"embeddable":true,"href":"https:\/\/fsunk-kos.org\/index.php\/wp-json\/wp\/v2\/users\/1"}],"replies":[{"embeddable":true,"href":"https:\/\/fsunk-kos.org\/index.php\/wp-json\/wp\/v2\/comments?post=10"}],"version-history":[{"count":21,"href":"https:\/\/fsunk-kos.org\/index.php\/wp-json\/wp\/v2\/pages\/10\/revisions"}],"predecessor-version":[{"id":4099,"href":"https:\/\/fsunk-kos.org\/index.php\/wp-json\/wp\/v2\/pages\/10\/revisions\/4099"}],"wp:attachment":[{"href":"https:\/\/fsunk-kos.org\/index.php\/wp-json\/wp\/v2\/media?parent=10"}],"curies":[{"name":"wp","href":"https:\/\/api.w.org\/{rel}","templated":true}]}}